{"id":13,"date":"2013-09-04T20:38:50","date_gmt":"2013-09-04T19:38:50","guid":{"rendered":"http:\/\/www.mjstgeorges.be\/?page_id=13"},"modified":"2023-05-12T16:02:03","modified_gmt":"2023-05-12T15:02:03","slug":"contact","status":"publish","type":"page","link":"http:\/\/www.mjstgeorges.be\/?page_id=13","title":{"rendered":"QUI SOMMES-NOUS ?"},"content":{"rendered":"<div class=\"wp-block-image\">\n<figure class=\"alignright size-large is-resized\"><img loading=\"lazy\" decoding=\"async\" src=\"https:\/\/www.mjstgeorges.be\/wp-content\/uploads\/2023\/04\/Logo-New-Color-Encadre-1-982x1024.png\" alt=\"\" class=\"wp-image-3669\" width=\"321\" height=\"334\" srcset=\"https:\/\/www.mjstgeorges.be\/wp-content\/uploads\/2023\/04\/Logo-New-Color-Encadre-1-982x1024.png 982w, https:\/\/www.mjstgeorges.be\/wp-content\/uploads\/2023\/04\/Logo-New-Color-Encadre-1-288x300.png 288w, https:\/\/www.mjstgeorges.be\/wp-content\/uploads\/2023\/04\/Logo-New-Color-Encadre-1-768x801.png 768w, https:\/\/www.mjstgeorges.be\/wp-content\/uploads\/2023\/04\/Logo-New-Color-Encadre-1-1473x1536.png 1473w, https:\/\/www.mjstgeorges.be\/wp-content\/uploads\/2023\/04\/Logo-New-Color-Encadre-1-1963x2048.png 1963w\" sizes=\"auto, (max-width: 321px) 100vw, 321px\" \/><\/figure><\/div>\n\n\n<div class=\"wp-block-columns is-layout-flex wp-container-core-columns-is-layout-9d6595d7 wp-block-columns-is-layout-flex\">\n<div class=\"wp-block-column is-layout-flow wp-block-column-is-layout-flow\" style=\"flex-basis:100%\">\n<div style=\"height:100px\" aria-hidden=\"true\" class=\"wp-block-spacer\"><\/div>\n<\/div>\n<\/div>\n\n\n\n<p class=\"has-text-align-right\">Sais-tu ce qu&rsquo;est une Maison des Jeunes (MJ) ? Son r\u00f4le, ses objectifs, ses motivations &#8230;<\/p>\n\n\n\n<p class=\"has-text-align-right\">Non ! Alors, accroche-toi, nous allons t&rsquo;expliquer tout \u00e7a. <\/p>\n\n\n\n<div style=\"height:20px\" aria-hidden=\"true\" class=\"wp-block-spacer\"><\/div>\n\n\n\n<h2 class=\"has-text-color has-large-font-size wp-block-heading\" style=\"color:#fe7a80;font-style:normal;font-weight:600\">C&rsquo;est quoi une MJ ?<\/h2>\n\n\n\n<p>Un lieu d\u2019accueil, de cr\u00e9ativit\u00e9, d\u2019expression et de participation ;<br>Un lieu de loisir, de d\u00e9couverte, d\u2019\u00e9mergence de projets ;<br>Un lieu de d\u00e9veloppement culturel ;<br>Un lieu de vie en groupe, de d\u00e9bat, de conflit, de n\u00e9gociation.<\/p>\n\n\n\n<p>Mais aussi, une MJ s\u2019inscrit dans une d\u00e9marche d\u2019\u00e9ducation permanente et est encadr\u00e9e par des professionnels de l\u2019animation, reconnus et form\u00e9s. C\u2019est un espace d\u2019exercice de citoyennet\u00e9 active, responsable et critique.<\/p>\n\n\n\n<div style=\"height:46px\" aria-hidden=\"true\" class=\"wp-block-spacer\"><\/div>\n\n\n\n<h2 class=\"has-text-color has-large-font-size wp-block-heading\" style=\"color:#fe7a80;font-style:normal;font-weight:600\">Une MJ pour qui ? <\/h2>\n\n\n\n<p>Pour tous les jeunes de 12 \u00e0 26 ans, habitant ou non la commune.<\/p>\n\n\n\n<div style=\"height:46px\" aria-hidden=\"true\" class=\"wp-block-spacer\"><\/div>\n\n\n\n<h2 class=\"has-text-color has-large-font-size wp-block-heading\" style=\"color:#fe7a80;font-style:normal;font-weight:600\">Les objectifs de la MJ ?<\/h2>\n\n\n\n<p>Former des CRACS, c&rsquo;est \u00e0 dire : <br>des Citoyens Responsable Actifs Critiques et Solidaires ! <\/p>\n\n\n\n<p>Pour ce faire, nous favorisons la rencontre, la dimension solidaire, l\u2019initiative collective, l\u2019autonomie&#8230; \u00e0 l&rsquo;accueil et au sein des projets propos\u00e9s. &nbsp;<\/p>\n","protected":false},"excerpt":{"rendered":"<p>Sais-tu ce qu&rsquo;est une Maison des Jeunes (MJ) ? Son r\u00f4le, ses objectifs, ses motivations &#8230; Non ! Alors, accroche-toi, nous allons t&rsquo;expliquer tout \u00e7a. C&rsquo;est quoi une MJ ? Un lieu d\u2019accueil, de cr\u00e9ativit\u00e9, d\u2019expression et de participation ;Un lieu de loisir, de d\u00e9couverte, d\u2019\u00e9mergence de projets ;Un lieu de d\u00e9veloppement culturel ;Un lieu [&hellip;]<\/p>\n","protected":false},"author":2,"featured_media":0,"parent":0,"menu_order":0,"comment_status":"closed","ping_status":"open","template":"","meta":{"footnotes":""},"class_list":["post-13","page","type-page","status-publish","hentry"],"_links":{"self":[{"href":"http:\/\/www.mjstgeorges.be\/index.php?rest_route=\/wp\/v2\/pages\/13","targetHints":{"allow":["GET"]}}],"collection":[{"href":"http:\/\/www.mjstgeorges.be\/index.php?rest_route=\/wp\/v2\/pages"}],"about":[{"href":"http:\/\/www.mjstgeorges.be\/index.php?rest_route=\/wp\/v2\/types\/page"}],"author":[{"embeddable":true,"href":"http:\/\/www.mjstgeorges.be\/index.php?rest_route=\/wp\/v2\/users\/2"}],"replies":[{"embeddable":true,"href":"http:\/\/www.mjstgeorges.be\/index.php?rest_route=%2Fwp%2Fv2%2Fcomments&post=13"}],"version-history":[{"count":65,"href":"http:\/\/www.mjstgeorges.be\/index.php?rest_route=\/wp\/v2\/pages\/13\/revisions"}],"predecessor-version":[{"id":3728,"href":"http:\/\/www.mjstgeorges.be\/index.php?rest_route=\/wp\/v2\/pages\/13\/revisions\/3728"}],"wp:attachment":[{"href":"http:\/\/www.mjstgeorges.be\/index.php?rest_route=%2Fwp%2Fv2%2Fmedia&parent=13"}],"curies":[{"name":"wp","href":"https:\/\/api.w.org\/{rel}","templated":true}]}}