{"id":1539,"date":"2016-10-06T09:44:25","date_gmt":"2016-10-06T08:44:25","guid":{"rendered":"http:\/\/www.mjstgeorges.be\/?page_id=1539"},"modified":"2026-02-09T10:00:56","modified_gmt":"2026-02-09T09:00:56","slug":"liens-utiles","status":"publish","type":"page","link":"http:\/\/www.mjstgeorges.be\/?page_id=1539","title":{"rendered":"NOS PARTENAIRES"},"content":{"rendered":"\n<p class=\"has-pale-pink-color has-text-color has-link-color has-large-font-size wp-elements-38f8221d1dcaae8b2eca5a6a118a9f11\"><strong>L<\/strong>&lsquo;<strong>AMO Mille Lieux de Vie de Huy<\/strong><\/p>\n\n\n<div class=\"wp-block-image\">\n<figure class=\"alignright size-full is-resized\"><img loading=\"lazy\" decoding=\"async\" width=\"190\" height=\"190\" src=\"https:\/\/www.mjstgeorges.be\/wp-content\/uploads\/2024\/03\/mlv-bold2-190-1.png\" alt=\"\" class=\"wp-image-3918\" style=\"width:210px;height:auto\" srcset=\"https:\/\/www.mjstgeorges.be\/wp-content\/uploads\/2024\/03\/mlv-bold2-190-1.png 190w, https:\/\/www.mjstgeorges.be\/wp-content\/uploads\/2024\/03\/mlv-bold2-190-1-150x150.png 150w\" sizes=\"auto, (max-width: 190px) 100vw, 190px\" \/><\/figure><\/div>\n\n\n<p>L\u2019ASBL Mille Lieux de Vie est un service d\u2019actions en milieu ouvert agr\u00e9\u00e9 par la&nbsp;<a href=\"http:\/\/www.aidealajeunesse.cfwb.be\/\" target=\"_blank\" rel=\"noreferrer noopener\">f\u00e9d\u00e9ration Wallonie-Bruxelles<\/a>, depuis 1995.<\/p>\n\n\n\n<p>Plus concr\u00e8tement, les AMO proposent divers projets en interaction avec l\u2019environnement des jeunes (famille, \u00e9cole, quartier,\u2026).<\/p>\n\n\n\n<p><a href=\"https:\/\/www.amo-millelieuxdevie.be\/\">https:\/\/www.amo-millelieuxdevie.be\/<\/a><\/p>\n\n\n\n<h2 class=\"wp-block-heading has-text-color has-large-font-size\" style=\"color:#fe7a80;font-style:normal;font-weight:600\">F\u00e9d\u00e9ration de Centres de Jeunes<br>et Organisation de Jeunesse<\/h2>\n\n\n<div class=\"wp-block-image\">\n<figure class=\"alignright size-full is-resized\"><img loading=\"lazy\" decoding=\"async\" width=\"1804\" height=\"1239\" src=\"https:\/\/www.mjstgeorges.be\/wp-content\/uploads\/2026\/02\/Logo_Forj_.png\" alt=\"\" class=\"wp-image-4194\" style=\"width:210px;height:auto\" srcset=\"https:\/\/www.mjstgeorges.be\/wp-content\/uploads\/2026\/02\/Logo_Forj_.png 1804w, https:\/\/www.mjstgeorges.be\/wp-content\/uploads\/2026\/02\/Logo_Forj_-300x206.png 300w, https:\/\/www.mjstgeorges.be\/wp-content\/uploads\/2026\/02\/Logo_Forj_-1024x703.png 1024w, https:\/\/www.mjstgeorges.be\/wp-content\/uploads\/2026\/02\/Logo_Forj_-768x527.png 768w, https:\/\/www.mjstgeorges.be\/wp-content\/uploads\/2026\/02\/Logo_Forj_-1536x1055.png 1536w\" sizes=\"auto, (max-width: 1804px) 100vw, 1804px\" \/><\/figure><\/div>\n\n\n<p>LA ForJ est un de nos partenaires privil\u00e9gi\u00e9, elle nous aide dans notre travail quotidien de gestion notamment. C&rsquo;est \u00e9galement un interlocuteur privil\u00e9gi\u00e9 pour toutes les questions sectorielles. Au niveau formation et cr\u00e9ation de diff\u00e9rents projets, ils sont aussi tr\u00e8s actifs et nous participons r\u00e9guli\u00e8rement \u00e0 des formations de leur cru.&nbsp;<\/p>\n\n\n\n<p><a href=\"https:\/\/forj.be\">https:\/\/forj.be<\/a><\/p>\n\n\n\n<div style=\"height:54px\" aria-hidden=\"true\" class=\"wp-block-spacer\"><\/div>\n\n\n\n<h2 class=\"wp-block-heading has-text-color has-large-font-size\" style=\"color:#fe7a80;font-style:normal;font-weight:600\">Centre culturel de Saint-Georges<\/h2>\n\n\n<div class=\"wp-block-image\">\n<figure class=\"alignright size-full\"><img loading=\"lazy\" decoding=\"async\" width=\"230\" height=\"179\" src=\"http:\/\/www.mjstgeorges.be\/wp-content\/uploads\/2022\/06\/cc.png\" alt=\"\" class=\"wp-image-3208\"\/><\/figure><\/div>\n\n\n<p>Partenaires privil\u00e9gi\u00e9s pour l&rsquo;organisation de concerts, d&rsquo;expositions ou n&rsquo;importe quelle autre type de projets, le centre culturel est un appui pour nos organisations et nous essayions un maximum d&rsquo;apporter notre contribution aux leurs avec nos moyens. <\/p>\n\n\n\n<p><a href=\"https:\/\/www.saintgeorgesculture.be\/\">https:\/\/www.saintgeorgesculture.be\/<\/a><\/p>\n\n\n\n<div style=\"height:54px\" aria-hidden=\"true\" class=\"wp-block-spacer\"><\/div>\n\n\n\n<h2 class=\"wp-block-heading has-text-color has-large-font-size\" style=\"color:#fe7a80;font-style:normal;font-weight:600\">La Galipette<\/h2>\n\n\n<div class=\"wp-block-image\">\n<figure class=\"alignright size-full\"><img loading=\"lazy\" decoding=\"async\" width=\"280\" height=\"221\" src=\"http:\/\/www.mjstgeorges.be\/wp-content\/uploads\/2022\/06\/visuel.jpg\" alt=\"\" class=\"wp-image-3209\"\/><\/figure><\/div>\n\n\n<p><\/p>\n\n\n\n<p>En proposant un accueil extrascolaire aux enfants jusqu&rsquo;\u00e0 12 ans, la galipette est un partenaire important pour nous, ils peuvent proposer \u00e0 leur public de passer chez nous \u00e0 12 ans et nous proposons \u00e9galement des stages de d\u00e9couverte de la MJ \u00e0 leur public \u00e2g\u00e9.<\/p>\n\n\n\n<div style=\"height:54px\" aria-hidden=\"true\" class=\"wp-block-spacer\"><\/div>\n\n\n\n<h2 class=\"wp-block-heading has-text-color has-large-font-size\" style=\"color:#fe7a80;font-style:normal;font-weight:600\">L&rsquo;administration communale de Saint-Georges<\/h2>\n\n\n<div class=\"wp-block-image\">\n<figure class=\"alignright size-full\"><img loading=\"lazy\" decoding=\"async\" width=\"225\" height=\"250\" src=\"http:\/\/www.mjstgeorges.be\/wp-content\/uploads\/2022\/06\/ae32bbaf-358a-4792-b7c5-c3b88792d0c3.jpeg\" alt=\"\" class=\"wp-image-3216\"\/><\/figure><\/div>\n\n\n<p>L&rsquo;administration communale est un partenaire sur des projets pr\u00e9cis mais nous donne \u00e9galement beaucoup de coup de main en dehors de cela dans nos projets, nos locaux nous sont mis \u00e0 disposition et il est souvent possible d&#8217;emprunter du mat\u00e9riel.<\/p>\n","protected":false},"excerpt":{"rendered":"<p>L&lsquo;AMO Mille Lieux de Vie de Huy L\u2019ASBL Mille Lieux de Vie est un service d\u2019actions en milieu ouvert agr\u00e9\u00e9 par la&nbsp;f\u00e9d\u00e9ration Wallonie-Bruxelles, depuis 1995. Plus concr\u00e8tement, les AMO proposent divers projets en interaction avec l\u2019environnement des jeunes (famille, \u00e9cole, quartier,\u2026). https:\/\/www.amo-millelieuxdevie.be\/ F\u00e9d\u00e9ration de Centres de Jeuneset Organisation de Jeunesse LA ForJ est un de [&hellip;]<\/p>\n","protected":false},"author":2,"featured_media":0,"parent":0,"menu_order":0,"comment_status":"closed","ping_status":"closed","template":"","meta":{"footnotes":""},"class_list":["post-1539","page","type-page","status-publish","hentry"],"_links":{"self":[{"href":"http:\/\/www.mjstgeorges.be\/index.php?rest_route=\/wp\/v2\/pages\/1539","targetHints":{"allow":["GET"]}}],"collection":[{"href":"http:\/\/www.mjstgeorges.be\/index.php?rest_route=\/wp\/v2\/pages"}],"about":[{"href":"http:\/\/www.mjstgeorges.be\/index.php?rest_route=\/wp\/v2\/types\/page"}],"author":[{"embeddable":true,"href":"http:\/\/www.mjstgeorges.be\/index.php?rest_route=\/wp\/v2\/users\/2"}],"replies":[{"embeddable":true,"href":"http:\/\/www.mjstgeorges.be\/index.php?rest_route=%2Fwp%2Fv2%2Fcomments&post=1539"}],"version-history":[{"count":19,"href":"http:\/\/www.mjstgeorges.be\/index.php?rest_route=\/wp\/v2\/pages\/1539\/revisions"}],"predecessor-version":[{"id":4196,"href":"http:\/\/www.mjstgeorges.be\/index.php?rest_route=\/wp\/v2\/pages\/1539\/revisions\/4196"}],"wp:attachment":[{"href":"http:\/\/www.mjstgeorges.be\/index.php?rest_route=%2Fwp%2Fv2%2Fmedia&parent=1539"}],"curies":[{"name":"wp","href":"https:\/\/api.w.org\/{rel}","templated":true}]}}