{"id":2522,"date":"2020-09-18T12:43:01","date_gmt":"2020-09-18T11:43:01","guid":{"rendered":"http:\/\/www.mjstgeorges.be\/?page_id=2522"},"modified":"2026-02-05T15:42:08","modified_gmt":"2026-02-05T14:42:08","slug":"projets-internes","status":"publish","type":"page","link":"http:\/\/www.mjstgeorges.be\/?page_id=2522","title":{"rendered":"PROJETS INTERNES"},"content":{"rendered":"\n<h2 class=\"wp-block-heading has-text-align-left has-text-color has-large-font-size\" id=\"la-mj-fait-son-show-journee-portes-ouvertes\" style=\"color:#fe7a80;font-style:normal;font-weight:700\">PROJETS INTERNES<\/h2>\n\n\n\n<p>Les projets en internes sont organis\u00e9s suivant les demandes et les envies des jeunes. <\/p>\n\n\n\n<p>Alors si toi aussi tu as un projet en t\u00eate et que tu souhaiterais avoir un coup de main pour le concr\u00e9tiser, n&rsquo;h\u00e9site pas \u00e0 nous en faire part ! <\/p>\n\n\n\n<p>N&rsquo;h\u00e9sitez pas \u00e0 nous contacter pour plus d&rsquo;infos.<\/p>\n\n\n\n<h2 class=\"wp-block-heading has-text-color has-link-color has-large-font-size wp-elements-b9cc78ad37de156312552d67cf6d2e1c\" style=\"color:#209fac;font-style:normal;font-weight:600;text-transform:none\">S\u00e9jour st\u00e9r\u00e9otypes avec les jeunes \u00e0 Waimes<\/h2>\n\n\n\n<figure class=\"wp-block-image size-large\"><img loading=\"lazy\" decoding=\"async\" width=\"724\" height=\"1024\" src=\"https:\/\/www.mjstgeorges.be\/wp-content\/uploads\/2026\/02\/Blue-White-Illustrative-Meet-and-Greet-Poster-724x1024.png\" alt=\"\" class=\"wp-image-4183\" srcset=\"https:\/\/www.mjstgeorges.be\/wp-content\/uploads\/2026\/02\/Blue-White-Illustrative-Meet-and-Greet-Poster-724x1024.png 724w, https:\/\/www.mjstgeorges.be\/wp-content\/uploads\/2026\/02\/Blue-White-Illustrative-Meet-and-Greet-Poster-212x300.png 212w, https:\/\/www.mjstgeorges.be\/wp-content\/uploads\/2026\/02\/Blue-White-Illustrative-Meet-and-Greet-Poster-768x1086.png 768w, https:\/\/www.mjstgeorges.be\/wp-content\/uploads\/2026\/02\/Blue-White-Illustrative-Meet-and-Greet-Poster-1086x1536.png 1086w, https:\/\/www.mjstgeorges.be\/wp-content\/uploads\/2026\/02\/Blue-White-Illustrative-Meet-and-Greet-Poster-1448x2048.png 1448w, https:\/\/www.mjstgeorges.be\/wp-content\/uploads\/2026\/02\/Blue-White-Illustrative-Meet-and-Greet-Poster.png 1587w\" sizes=\"auto, (max-width: 724px) 100vw, 724px\" \/><\/figure>\n\n\n\n<h2 class=\"wp-block-heading has-text-color has-link-color has-large-font-size wp-elements-c96d5a855d3c6be51a5c9e7b30009ab6\" style=\"color:#209fac;font-style:normal;font-weight:600;text-transform:none\">S\u00e9jour d\u00e9connexion<\/h2>\n\n\n\n<h2 class=\"wp-block-heading has-text-color has-link-color has-large-font-size wp-elements-5a64098abb93937d7c453847a016730b\" style=\"color:#209fac;font-style:normal;font-weight:600;text-transform:none\">aux lacs de l&rsquo;Eau d&rsquo;Heure<\/h2>\n\n\n\n<p><\/p>\n\n\n\n<figure class=\"wp-block-video\"><video controls src=\"https:\/\/www.mjstgeorges.be\/wp-content\/uploads\/2025\/09\/Video-sejour-lac-de-leau-dheure-2025.mp4\"><\/video><\/figure>\n\n\n\n<h2 class=\"wp-block-heading has-text-align-left has-text-color has-large-font-size\" id=\"la-mj-fait-son-show-journee-portes-ouvertes\" style=\"color:#fe7a80;font-style:normal;font-weight:700\">PROJETS PASS\u00c9S<\/h2>\n\n\n\n<hr class=\"wp-block-separator has-text-color has-alpha-channel-opacity has-background is-style-wide\" style=\"background-color:#fe7a80;color:#fe7a80\"\/>\n\n\n\n<h2 class=\"wp-block-heading has-text-color has-link-color has-large-font-size wp-elements-09719cd0da014999e2682d5657f55a50\" style=\"color:#209fac;font-style:normal;font-weight:600\">                        \u00c9change de Jeunes &#8211; Lyon<\/h2>\n\n\n\n<p>Envie de faire d\u00e9couvrir notre pays \u00e0 nos ami(e)s fran\u00e7ais(es) et d&rsquo;avoir l&rsquo;occasion de partir \u00e0 la d\u00e9couverte de la ville de Lyon ?  <\/p>\n\n\n\n<p>Alors n&rsquo;h\u00e9sitez pas \u00e0 nous rejoindre lors de cet \u00e9change de jeunes !<\/p>\n\n\n<div class=\"wp-block-image\">\n<figure class=\"alignleft size-large is-resized\"><img loading=\"lazy\" decoding=\"async\" width=\"724\" height=\"1024\" src=\"https:\/\/www.mjstgeorges.be\/wp-content\/uploads\/2024\/05\/echange-de-jeunes-2-724x1024.jpg\" alt=\"\" class=\"wp-image-3959\" style=\"width:442px;height:auto\" srcset=\"https:\/\/www.mjstgeorges.be\/wp-content\/uploads\/2024\/05\/echange-de-jeunes-2-724x1024.jpg 724w, https:\/\/www.mjstgeorges.be\/wp-content\/uploads\/2024\/05\/echange-de-jeunes-2-212x300.jpg 212w, https:\/\/www.mjstgeorges.be\/wp-content\/uploads\/2024\/05\/echange-de-jeunes-2-768x1086.jpg 768w, https:\/\/www.mjstgeorges.be\/wp-content\/uploads\/2024\/05\/echange-de-jeunes-2-1086x1536.jpg 1086w, https:\/\/www.mjstgeorges.be\/wp-content\/uploads\/2024\/05\/echange-de-jeunes-2.jpg 1414w\" sizes=\"auto, (max-width: 724px) 100vw, 724px\" \/><\/figure><\/div>\n\n\n<p><\/p>\n\n\n\n<p><\/p>\n\n\n\n<p><\/p>\n\n\n\n<p><\/p>\n\n\n\n<p><\/p>\n\n\n\n<p><\/p>\n\n\n\n<p><\/p>\n\n\n\n<p><\/p>\n\n\n\n<p><\/p>\n\n\n\n<p><\/p>\n\n\n\n<p><\/p>\n\n\n\n<p><\/p>\n\n\n\n<h2 class=\"wp-block-heading has-text-align-center has-text-color has-large-font-size\" style=\"color:#209fac;font-style:normal;font-weight:600\">Atelier Brico &#8211; r\u00e9cup <\/h2>\n\n\n<div class=\"wp-block-image\">\n<figure class=\"alignleft size-large is-resized\"><img loading=\"lazy\" decoding=\"async\" width=\"724\" height=\"1024\" src=\"https:\/\/www.mjstgeorges.be\/wp-content\/uploads\/2023\/03\/Atelier-brico-724x1024.jpg\" alt=\"\" class=\"wp-image-3620\" style=\"width:351px;height:497px\" srcset=\"https:\/\/www.mjstgeorges.be\/wp-content\/uploads\/2023\/03\/Atelier-brico-724x1024.jpg 724w, https:\/\/www.mjstgeorges.be\/wp-content\/uploads\/2023\/03\/Atelier-brico-212x300.jpg 212w, https:\/\/www.mjstgeorges.be\/wp-content\/uploads\/2023\/03\/Atelier-brico-768x1086.jpg 768w, https:\/\/www.mjstgeorges.be\/wp-content\/uploads\/2023\/03\/Atelier-brico-1086x1536.jpg 1086w, https:\/\/www.mjstgeorges.be\/wp-content\/uploads\/2023\/03\/Atelier-brico.jpg 1414w\" sizes=\"auto, (max-width: 724px) 100vw, 724px\" \/><\/figure><\/div>\n\n\n<div class=\"wp-block-columns is-layout-flex wp-container-core-columns-is-layout-9d6595d7 wp-block-columns-is-layout-flex\">\n<div class=\"wp-block-column is-layout-flow wp-block-column-is-layout-flow\" style=\"flex-basis:100%\">\n<div style=\"height:167px\" aria-hidden=\"true\" class=\"wp-block-spacer\"><\/div>\n<\/div>\n<\/div>\n\n\n\n<p>Viens cr\u00e9er de supers projets \u00e0 l&rsquo;aide de mat\u00e9riaux de r\u00e9cup ! <\/p>\n\n\n\n<p>Pas besoin d&rsquo;\u00eatre un as du bricolage pour nous rejoindre, les projets propos\u00e9s sont accessibles \u00e0 tous les niveaux.<\/p>\n\n\n\n<div class=\"wp-block-columns is-layout-flex wp-container-core-columns-is-layout-9d6595d7 wp-block-columns-is-layout-flex\">\n<div class=\"wp-block-column is-layout-flow wp-block-column-is-layout-flow\" style=\"flex-basis:100%\">\n<div style=\"height:201px\" aria-hidden=\"true\" class=\"wp-block-spacer\"><\/div>\n<\/div>\n<\/div>\n\n\n\n<hr class=\"wp-block-separator has-text-color has-alpha-channel-opacity has-background is-style-wide\" style=\"background-color:#209fac;color:#209fac\"\/>\n\n\n\n<h3 class=\"wp-block-heading has-text-align-center has-text-color has-large-font-size\" style=\"color:#209fac;font-style:normal;font-weight:600\">Projet \u00e9criture<\/h3>\n\n\n<div class=\"wp-block-image\">\n<figure class=\"alignright size-large is-resized\"><img loading=\"lazy\" decoding=\"async\" width=\"724\" height=\"1024\" src=\"https:\/\/www.mjstgeorges.be\/wp-content\/uploads\/2023\/02\/Projet-ecriture-1-724x1024.png\" alt=\"\" class=\"wp-image-3480\" style=\"width:350px;height:500px\" srcset=\"https:\/\/www.mjstgeorges.be\/wp-content\/uploads\/2023\/02\/Projet-ecriture-1-724x1024.png 724w, https:\/\/www.mjstgeorges.be\/wp-content\/uploads\/2023\/02\/Projet-ecriture-1-212x300.png 212w, https:\/\/www.mjstgeorges.be\/wp-content\/uploads\/2023\/02\/Projet-ecriture-1-768x1086.png 768w, https:\/\/www.mjstgeorges.be\/wp-content\/uploads\/2023\/02\/Projet-ecriture-1-1086x1536.png 1086w, https:\/\/www.mjstgeorges.be\/wp-content\/uploads\/2023\/02\/Projet-ecriture-1-1448x2048.png 1448w\" sizes=\"auto, (max-width: 724px) 100vw, 724px\" \/><\/figure><\/div>\n\n\n<div class=\"wp-block-columns is-layout-flex wp-container-core-columns-is-layout-9d6595d7 wp-block-columns-is-layout-flex\">\n<div class=\"wp-block-column is-layout-flow wp-block-column-is-layout-flow\" style=\"flex-basis:100%\">\n<div style=\"height:55px\" aria-hidden=\"true\" class=\"wp-block-spacer\"><\/div>\n<\/div>\n<\/div>\n\n\n<p>Toi aussi tu as envie de te lib\u00e9rer, de lib\u00e9rer tes pens\u00e9es sans \u00eatre jug\u00e9 ? De discuter des probl\u00e8mes de soci\u00e9t\u00e9 et de d\u00e9battre sur des sujets qui te tiennent \u00e0 c\u0153ur ? <br \/>Alors rejoins le projet \u00e9criture !<\/p>\n<p>Rendez-vous tous les vendredi de 17h \u00e0 18h \u00e0 la MJ pour une s\u00e9ance d&rsquo;\u00e9criture\/d\u00e9bat avec C\u00e9lia (Gratuit).<\/p>\n<p><!-- \/wp:post-content --><!-- wp:paragraph --><\/p>\n<p>Bienvenue \u00e0 tous et toutes !<\/p>\n<p>Ps : il s&rsquo;agit d&rsquo;un lieu d&rsquo;expression, sans jugement et sans obligation de partage.&nbsp;<\/p>\n<p><!-- \/wp:paragraph --><\/p>\n<p><!-- wp:spacer {\"height\":\"38px\"} --><\/p>\n<div style=\"height:38px\" aria-hidden=\"true\" class=\"wp-block-spacer\"><\/div>\n<p><!-- \/wp:spacer --><\/p>\n<p><!-- wp:separator {\"style\":{\"color\":{\"background\":\"#209fac\"}},\"className\":\"is-style-wide\"} --><\/p>\n<hr class=\"wp-block-separator has-text-color has-alpha-channel-opacity has-background is-style-wide\" style=\"background-color:#209fac;color:#209fac\">\n<!-- \/wp:separator --><\/p>\n<p><!-- wp:heading {\"textAlign\":\"center\",\"level\":3,\"style\":{\"typography\":{\"fontStyle\":\"normal\",\"fontWeight\":\"600\"},\"color\":{\"text\":\"#209fac\"}},\"fontSize\":\"large\"} --><\/p>\n<h3 class=\"has-text-align-center has-text-color has-large-font-size\" id=\"eclate-tes-couleurs-projet-graff-d-expression-et-creation-jeunes\" style=\"color:#209fac;font-style:normal;font-weight:600\">Projet Graff<\/h3>\n<p><!-- \/wp:heading --><\/p>\n<p><!-- wp:image {\"align\":\"right\",\"id\":3483,\"width\":350,\"height\":500,\"sizeSlug\":\"large\",\"linkDestination\":\"none\"} --><\/p>\n<figure class=\"wp-block-image alignright size-large is-resized\"><img loading=\"lazy\" decoding=\"async\" src=\"https:\/\/www.mjstgeorges.be\/wp-content\/uploads\/2023\/02\/Projet-Graff-724x1024.png\" alt=\"\" class=\"wp-image-3483\" width=\"350\" height=\"500\"><\/figure>\n<p><!-- \/wp:image --><\/p>\n<p><!-- wp:columns --><\/p>\n<div class=\"wp-block-columns\"><!-- wp:column {\"width\":\"100%\"} --><\/p>\n<div class=\"wp-block-column\" style=\"flex-basis:100%\"><!-- wp:spacer {\"height\":\"77px\"} --><\/p>\n<div style=\"height:77px\" aria-hidden=\"true\" class=\"wp-block-spacer\"><\/div>\n<p><!-- \/wp:spacer --><\/p>\n<\/div>\n<p><!-- \/wp:column --><\/p>\n<\/div>\n<p><!-- \/wp:columns --><\/p>\n<p><!-- wp:paragraph --><\/p>\n<p>\u00ab\u00a0<em>Eclate tes couleurs<\/em>\u00a0\u00bb &#8211; Projet d&rsquo;expression et de cr\u00e9ation jeunes.<\/p>\n<p><!-- \/wp:paragraph --><\/p>\n<p><!-- wp:paragraph --><\/p>\n<p>Toi aussi tu r\u00eaves d&rsquo;apprendre \u00e0 graffer ou tu recherches simplement un lieu o\u00f9 t&rsquo;exprimer en toute l\u00e9galit\u00e9 ? <br \/>Alors rejoins le projet Graff, anim\u00e9 par Ersan !<\/p>\n<p><!-- \/wp:paragraph --><\/p>\n<p><!-- wp:image {\"align\":\"center\",\"id\":3077,\"width\":617,\"height\":872,\"sizeSlug\":\"large\",\"linkDestination\":\"none\"} --><\/p>\n<figure class=\"wp-block-image aligncenter size-large is-resized\"><img loading=\"lazy\" decoding=\"async\" src=\"http:\/\/www.mjstgeorges.be\/wp-content\/uploads\/2022\/02\/MJSTG_Articleverslavenir_juillet2021-724x1024.jpg\" alt=\"\" class=\"wp-image-3077\" width=\"617\" height=\"872\" srcset=\"https:\/\/www.mjstgeorges.be\/wp-content\/uploads\/2022\/02\/MJSTG_Articleverslavenir_juillet2021-724x1024.jpg 724w, https:\/\/www.mjstgeorges.be\/wp-content\/uploads\/2022\/02\/MJSTG_Articleverslavenir_juillet2021-212x300.jpg 212w, https:\/\/www.mjstgeorges.be\/wp-content\/uploads\/2022\/02\/MJSTG_Articleverslavenir_juillet2021-768x1086.jpg 768w, https:\/\/www.mjstgeorges.be\/wp-content\/uploads\/2022\/02\/MJSTG_Articleverslavenir_juillet2021-1086x1536.jpg 1086w, https:\/\/www.mjstgeorges.be\/wp-content\/uploads\/2022\/02\/MJSTG_Articleverslavenir_juillet2021-1448x2048.jpg 1448w, https:\/\/www.mjstgeorges.be\/wp-content\/uploads\/2022\/02\/MJSTG_Articleverslavenir_juillet2021-scaled.jpg 1810w\" sizes=\"auto, (max-width: 617px) 100vw, 617px\" \/><\/figure>\n<p><!-- \/wp:image --><\/p>\n<p><!-- wp:heading --><\/p>\n<h2><\/h2>\n<p><!-- \/wp:heading --><\/p>\n<p><!-- wp:heading --><\/p>\n<h2><\/h2>\n<p><!-- \/wp:heading --><\/p>","protected":false},"excerpt":{"rendered":"<p>PROJETS INTERNES Les projets en internes sont organis\u00e9s suivant les demandes et les envies des jeunes. Alors si toi aussi tu as un projet en t\u00eate et que tu souhaiterais avoir un coup de main pour le concr\u00e9tiser, n&rsquo;h\u00e9site pas \u00e0 nous en faire part ! N&rsquo;h\u00e9sitez pas \u00e0 nous contacter pour plus d&rsquo;infos. S\u00e9jour [&hellip;]<\/p>\n","protected":false},"author":2,"featured_media":0,"parent":0,"menu_order":0,"comment_status":"closed","ping_status":"closed","template":"","meta":{"footnotes":""},"class_list":["post-2522","page","type-page","status-publish","hentry"],"_links":{"self":[{"href":"http:\/\/www.mjstgeorges.be\/index.php?rest_route=\/wp\/v2\/pages\/2522","targetHints":{"allow":["GET"]}}],"collection":[{"href":"http:\/\/www.mjstgeorges.be\/index.php?rest_route=\/wp\/v2\/pages"}],"about":[{"href":"http:\/\/www.mjstgeorges.be\/index.php?rest_route=\/wp\/v2\/types\/page"}],"author":[{"embeddable":true,"href":"http:\/\/www.mjstgeorges.be\/index.php?rest_route=\/wp\/v2\/users\/2"}],"replies":[{"embeddable":true,"href":"http:\/\/www.mjstgeorges.be\/index.php?rest_route=%2Fwp%2Fv2%2Fcomments&post=2522"}],"version-history":[{"count":32,"href":"http:\/\/www.mjstgeorges.be\/index.php?rest_route=\/wp\/v2\/pages\/2522\/revisions"}],"predecessor-version":[{"id":4184,"href":"http:\/\/www.mjstgeorges.be\/index.php?rest_route=\/wp\/v2\/pages\/2522\/revisions\/4184"}],"wp:attachment":[{"href":"http:\/\/www.mjstgeorges.be\/index.php?rest_route=%2Fwp%2Fv2%2Fmedia&parent=2522"}],"curies":[{"name":"wp","href":"https:\/\/api.w.org\/{rel}","templated":true}]}}