{"id":2524,"date":"2020-09-18T12:43:34","date_gmt":"2020-09-18T11:43:34","guid":{"rendered":"http:\/\/www.mjstgeorges.be\/?page_id=2524"},"modified":"2025-10-30T14:45:32","modified_gmt":"2025-10-30T13:45:32","slug":"projets-en-partenariats","status":"publish","type":"page","link":"http:\/\/www.mjstgeorges.be\/?page_id=2524","title":{"rendered":"PROJETS EN PARTENARIATS"},"content":{"rendered":"\n<h3 class=\"wp-block-heading has-text-align-left has-text-color has-large-font-size\" style=\"color:#fe7a80;font-style:normal;font-weight:700\"><strong>PROJETS EN COURS<\/strong><\/h3>\n\n\n\n<hr class=\"wp-block-separator has-text-color has-alpha-channel-opacity has-background\" style=\"background-color:#fe7a80;color:#fe7a80\"\/>\n\n\n\n<h2 class=\"wp-block-heading has-text-color has-link-color has-large-font-size wp-elements-7a1d4060a4e47787a388d09235335b51\" style=\"color:#209fac;font-style:normal;font-weight:600\">Projet \u00e9t\u00e9 solidaire<\/h2>\n\n\n\n<p>Cet \u00e9t\u00e9, notre Maison des Jeunes a particip\u00e9 au projet \u00c9t\u00e9 Solidaire avec un objectif simple mais essentiel : cr\u00e9er du lien et lutter contre la solitude.<\/p>\n\n\n\n<p>Durant cette semaine, nos jeunes ont uni leurs forces et leur cr\u00e9ativit\u00e9 pour aller \u00e0 la rencontre des a\u00een\u00e9s et partager avec eux des moments riches en \u00e9changes et en bonne humeur. Ensemble, ils ont imagin\u00e9 et r\u00e9alis\u00e9 des activit\u00e9s vari\u00e9es, m\u00ealant discussions, activit\u00e9s, rires et entraide.<\/p>\n\n\n\n<p>Ce projet a \u00e9t\u00e9 une v\u00e9ritable r\u00e9ussite, tant sur le plan humain, gr\u00e2ce aux belles rencontres et aux liens interg\u00e9n\u00e9rationnels tiss\u00e9s , que sur le plan pratique, avec des actions concr\u00e8tes qui ont apport\u00e9 chaleur et dynamisme \u00e0 chacun.<\/p>\n\n\n<div class=\"wp-block-image\">\n<figure class=\"alignright size-large is-resized\"><img loading=\"lazy\" decoding=\"async\" width=\"1024\" height=\"768\" src=\"https:\/\/www.mjstgeorges.be\/wp-content\/uploads\/2025\/09\/514282858_1045621807743679_5954084984697070563_n-1024x768.jpg\" alt=\"\" class=\"wp-image-4139\" style=\"width:402px;height:auto\" srcset=\"https:\/\/www.mjstgeorges.be\/wp-content\/uploads\/2025\/09\/514282858_1045621807743679_5954084984697070563_n-1024x768.jpg 1024w, https:\/\/www.mjstgeorges.be\/wp-content\/uploads\/2025\/09\/514282858_1045621807743679_5954084984697070563_n-300x225.jpg 300w, https:\/\/www.mjstgeorges.be\/wp-content\/uploads\/2025\/09\/514282858_1045621807743679_5954084984697070563_n-768x576.jpg 768w, https:\/\/www.mjstgeorges.be\/wp-content\/uploads\/2025\/09\/514282858_1045621807743679_5954084984697070563_n-1536x1152.jpg 1536w, https:\/\/www.mjstgeorges.be\/wp-content\/uploads\/2025\/09\/514282858_1045621807743679_5954084984697070563_n.jpg 2048w\" sizes=\"auto, (max-width: 1024px) 100vw, 1024px\" \/><\/figure><\/div>\n\n\n<figure class=\"wp-block-image size-large is-resized\"><img loading=\"lazy\" decoding=\"async\" width=\"1024\" height=\"768\" src=\"https:\/\/www.mjstgeorges.be\/wp-content\/uploads\/2025\/09\/514409229_1045621951076998_3625497073468069328_n-1024x768.jpg\" alt=\"\" class=\"wp-image-4140\" style=\"width:398px;height:auto\" srcset=\"https:\/\/www.mjstgeorges.be\/wp-content\/uploads\/2025\/09\/514409229_1045621951076998_3625497073468069328_n-1024x768.jpg 1024w, https:\/\/www.mjstgeorges.be\/wp-content\/uploads\/2025\/09\/514409229_1045621951076998_3625497073468069328_n-300x225.jpg 300w, https:\/\/www.mjstgeorges.be\/wp-content\/uploads\/2025\/09\/514409229_1045621951076998_3625497073468069328_n-768x576.jpg 768w, https:\/\/www.mjstgeorges.be\/wp-content\/uploads\/2025\/09\/514409229_1045621951076998_3625497073468069328_n-1536x1152.jpg 1536w, https:\/\/www.mjstgeorges.be\/wp-content\/uploads\/2025\/09\/514409229_1045621951076998_3625497073468069328_n.jpg 2048w\" sizes=\"auto, (max-width: 1024px) 100vw, 1024px\" \/><\/figure>\n\n\n<div class=\"wp-block-image\">\n<figure class=\"alignright size-full is-resized\"><img loading=\"lazy\" decoding=\"async\" width=\"921\" height=\"921\" src=\"https:\/\/www.mjstgeorges.be\/wp-content\/uploads\/2025\/09\/518375197_1044313767874483_6627897267767519774_n.jpg\" alt=\"\" class=\"wp-image-4142\" style=\"width:361px;height:auto\" srcset=\"https:\/\/www.mjstgeorges.be\/wp-content\/uploads\/2025\/09\/518375197_1044313767874483_6627897267767519774_n.jpg 921w, https:\/\/www.mjstgeorges.be\/wp-content\/uploads\/2025\/09\/518375197_1044313767874483_6627897267767519774_n-300x300.jpg 300w, https:\/\/www.mjstgeorges.be\/wp-content\/uploads\/2025\/09\/518375197_1044313767874483_6627897267767519774_n-150x150.jpg 150w, https:\/\/www.mjstgeorges.be\/wp-content\/uploads\/2025\/09\/518375197_1044313767874483_6627897267767519774_n-768x768.jpg 768w\" sizes=\"auto, (max-width: 921px) 100vw, 921px\" \/><\/figure><\/div>\n\n\n<figure class=\"wp-block-image size-large is-resized\"><img loading=\"lazy\" decoding=\"async\" width=\"1024\" height=\"768\" src=\"https:\/\/www.mjstgeorges.be\/wp-content\/uploads\/2025\/09\/517989687_1045621777743682_8468541075100816197_n-1024x768.jpg\" alt=\"\" class=\"wp-image-4141\" style=\"width:413px;height:auto\" srcset=\"https:\/\/www.mjstgeorges.be\/wp-content\/uploads\/2025\/09\/517989687_1045621777743682_8468541075100816197_n-1024x768.jpg 1024w, https:\/\/www.mjstgeorges.be\/wp-content\/uploads\/2025\/09\/517989687_1045621777743682_8468541075100816197_n-300x225.jpg 300w, https:\/\/www.mjstgeorges.be\/wp-content\/uploads\/2025\/09\/517989687_1045621777743682_8468541075100816197_n-768x576.jpg 768w, https:\/\/www.mjstgeorges.be\/wp-content\/uploads\/2025\/09\/517989687_1045621777743682_8468541075100816197_n-1536x1152.jpg 1536w, https:\/\/www.mjstgeorges.be\/wp-content\/uploads\/2025\/09\/517989687_1045621777743682_8468541075100816197_n.jpg 2048w\" sizes=\"auto, (max-width: 1024px) 100vw, 1024px\" \/><\/figure>\n\n\n\n<p><\/p>\n\n\n\n<p><\/p>\n\n\n\n<h3 class=\"wp-block-heading has-text-color has-large-font-size\" style=\"color:#fe7a80;font-style:normal;font-weight:700;text-transform:uppercase\">Projets pass\u00e9s<\/h3>\n\n\n\n<hr class=\"wp-block-separator has-text-color has-alpha-channel-opacity has-background is-style-wide\" style=\"background-color:#fe7a80;color:#fe7a80\"\/>\n\n\n\n<h2 class=\"wp-block-heading has-text-color has-large-font-size\" style=\"color:#209fac;font-style:normal;font-weight:600\">Projet Parcours d&rsquo;Artiste<\/h2>\n\n\n\n<figure class=\"wp-block-gallery has-nested-images columns-default is-cropped wp-block-gallery-1 is-layout-flex wp-block-gallery-is-layout-flex\">\n<figure class=\"wp-block-image size-large\"><img loading=\"lazy\" decoding=\"async\" width=\"724\" height=\"1024\" data-id=\"3922\" src=\"https:\/\/www.mjstgeorges.be\/wp-content\/uploads\/2024\/03\/Projet-Parcours-dartistes-724x1024.jpg\" alt=\"\" class=\"wp-image-3922\" srcset=\"https:\/\/www.mjstgeorges.be\/wp-content\/uploads\/2024\/03\/Projet-Parcours-dartistes-724x1024.jpg 724w, https:\/\/www.mjstgeorges.be\/wp-content\/uploads\/2024\/03\/Projet-Parcours-dartistes-212x300.jpg 212w, https:\/\/www.mjstgeorges.be\/wp-content\/uploads\/2024\/03\/Projet-Parcours-dartistes-768x1086.jpg 768w, https:\/\/www.mjstgeorges.be\/wp-content\/uploads\/2024\/03\/Projet-Parcours-dartistes-1086x1536.jpg 1086w, https:\/\/www.mjstgeorges.be\/wp-content\/uploads\/2024\/03\/Projet-Parcours-dartistes.jpg 1414w\" sizes=\"auto, (max-width: 724px) 100vw, 724px\" \/><\/figure>\n<\/figure>\n\n\n\n<div style=\"height:98px\" aria-hidden=\"true\" class=\"wp-block-spacer\"><\/div>\n\n\n\n<p><\/p>\n\n\n\n<p><\/p>\n\n\n\n<p><\/p>\n\n\n\n<p><\/p>\n\n\n\n<h2 class=\"wp-block-heading has-text-color has-large-font-size\" style=\"color:#209fac;font-style:normal;font-weight:600\">Projet Crush <\/h2>\n\n\n\n<p>En collaboration avec le CVFE (Collectif contre les Violences Familiales et l&rsquo;Exclusion), et les maisons de jeunes de Stavelot et Hodimont, nous proposons un projet de promotion des relations amoureuses saines et \u00e9galitaires aux jeunes. <\/p>\n\n\n\n<p>A travers ce projet, nous coconstruisons et testons des animations pour les jeunes en utilisant la non-mixit\u00e9, l\u2019auto-d\u00e9fense f\u00e9ministe et la construction de masculinit\u00e9s positives, ainsi qu&rsquo;une formation de pair-aidance pour les jeunes qui souhaitent promouvoir les relations amoureuses saines et \u00e9galitaires aupr\u00e8s de leurs pairs.<\/p>\n\n\n\n<p>Les animateurs des trois maisons de jeunes b\u00e9n\u00e9ficient \u00e9galement de formations permettant d&rsquo;aborder la th\u00e9matique, de g\u00e9rer des situations et d\u2019accompagner\/orienter les jeunes.<\/p>\n\n\n<div class=\"wp-block-image\">\n<figure class=\"aligncenter size-large is-resized\"><img loading=\"lazy\" decoding=\"async\" width=\"1024\" height=\"1024\" src=\"https:\/\/www.mjstgeorges.be\/wp-content\/uploads\/2023\/03\/Crush_Etape1-1-1024x1024.jpg\" alt=\"\" class=\"wp-image-3509\" style=\"width:604px;height:604px\" srcset=\"https:\/\/www.mjstgeorges.be\/wp-content\/uploads\/2023\/03\/Crush_Etape1-1-1024x1024.jpg 1024w, https:\/\/www.mjstgeorges.be\/wp-content\/uploads\/2023\/03\/Crush_Etape1-1-300x300.jpg 300w, https:\/\/www.mjstgeorges.be\/wp-content\/uploads\/2023\/03\/Crush_Etape1-1-150x150.jpg 150w, https:\/\/www.mjstgeorges.be\/wp-content\/uploads\/2023\/03\/Crush_Etape1-1-768x768.jpg 768w, https:\/\/www.mjstgeorges.be\/wp-content\/uploads\/2023\/03\/Crush_Etape1-1.jpg 1181w\" sizes=\"auto, (max-width: 1024px) 100vw, 1024px\" \/><\/figure><\/div>\n\n\n<h3 class=\"wp-block-heading has-text-color has-large-font-size\" style=\"color:#209fac;font-style:normal;font-weight:600;text-transform:none\">Projet permis th\u00e9orique <\/h3>\n\n\n<div class=\"wp-block-image\">\n<figure class=\"alignleft size-large is-resized\"><img loading=\"lazy\" decoding=\"async\" width=\"724\" height=\"1024\" src=\"https:\/\/www.mjstgeorges.be\/wp-content\/uploads\/2022\/10\/Formation-permis-de-conduire-724x1024.jpg\" alt=\"\" class=\"wp-image-3290\" style=\"width:469px;height:663px\" srcset=\"https:\/\/www.mjstgeorges.be\/wp-content\/uploads\/2022\/10\/Formation-permis-de-conduire-724x1024.jpg 724w, https:\/\/www.mjstgeorges.be\/wp-content\/uploads\/2022\/10\/Formation-permis-de-conduire-212x300.jpg 212w, https:\/\/www.mjstgeorges.be\/wp-content\/uploads\/2022\/10\/Formation-permis-de-conduire-768x1086.jpg 768w, https:\/\/www.mjstgeorges.be\/wp-content\/uploads\/2022\/10\/Formation-permis-de-conduire-1086x1536.jpg 1086w, https:\/\/www.mjstgeorges.be\/wp-content\/uploads\/2022\/10\/Formation-permis-de-conduire.jpg 1414w\" sizes=\"auto, (max-width: 724px) 100vw, 724px\" \/><\/figure><\/div>\n\n\n<div class=\"wp-block-columns is-layout-flex wp-container-core-columns-is-layout-9d6595d7 wp-block-columns-is-layout-flex\">\n<div class=\"wp-block-column is-layout-flow wp-block-column-is-layout-flow\" style=\"flex-basis:100%\">\n<div style=\"height:169px\" aria-hidden=\"true\" class=\"wp-block-spacer\"><\/div>\n<\/div>\n<\/div>\n\n\n\n<p>Avec la collaboration du PCS, la MJ de Saint-Georges organise une formation au permis de conduire en son sein. Des heures d&rsquo;\u00e9tudes seront aussi organis\u00e9s ensuite au sein de la MJ afin que les jeunes puissent \u00eatre pr\u00eats pour leur examen. <\/p>\n","protected":false},"excerpt":{"rendered":"<p>PROJETS EN COURS Projet \u00e9t\u00e9 solidaire Cet \u00e9t\u00e9, notre Maison des Jeunes a particip\u00e9 au projet \u00c9t\u00e9 Solidaire avec un objectif simple mais essentiel : cr\u00e9er du lien et lutter contre la solitude. Durant cette semaine, nos jeunes ont uni leurs forces et leur cr\u00e9ativit\u00e9 pour aller \u00e0 la rencontre des a\u00een\u00e9s et partager avec [&hellip;]<\/p>\n","protected":false},"author":2,"featured_media":0,"parent":0,"menu_order":0,"comment_status":"closed","ping_status":"closed","template":"","meta":{"footnotes":""},"class_list":["post-2524","page","type-page","status-publish","hentry"],"_links":{"self":[{"href":"http:\/\/www.mjstgeorges.be\/index.php?rest_route=\/wp\/v2\/pages\/2524","targetHints":{"allow":["GET"]}}],"collection":[{"href":"http:\/\/www.mjstgeorges.be\/index.php?rest_route=\/wp\/v2\/pages"}],"about":[{"href":"http:\/\/www.mjstgeorges.be\/index.php?rest_route=\/wp\/v2\/types\/page"}],"author":[{"embeddable":true,"href":"http:\/\/www.mjstgeorges.be\/index.php?rest_route=\/wp\/v2\/users\/2"}],"replies":[{"embeddable":true,"href":"http:\/\/www.mjstgeorges.be\/index.php?rest_route=%2Fwp%2Fv2%2Fcomments&post=2524"}],"version-history":[{"count":26,"href":"http:\/\/www.mjstgeorges.be\/index.php?rest_route=\/wp\/v2\/pages\/2524\/revisions"}],"predecessor-version":[{"id":4151,"href":"http:\/\/www.mjstgeorges.be\/index.php?rest_route=\/wp\/v2\/pages\/2524\/revisions\/4151"}],"wp:attachment":[{"href":"http:\/\/www.mjstgeorges.be\/index.php?rest_route=%2Fwp%2Fv2%2Fmedia&parent=2524"}],"curies":[{"name":"wp","href":"https:\/\/api.w.org\/{rel}","templated":true}]}}