{"id":2569,"date":"2020-09-25T09:35:47","date_gmt":"2020-09-25T08:35:47","guid":{"rendered":"http:\/\/www.mjstgeorges.be\/?page_id=2569"},"modified":"2026-02-05T14:48:22","modified_gmt":"2026-02-05T13:48:22","slug":"lassemblee-generale","status":"publish","type":"page","link":"http:\/\/www.mjstgeorges.be\/?page_id=2569","title":{"rendered":"L&rsquo;ASSEMBLEE GENERALE"},"content":{"rendered":"\n<p>L&rsquo; Assembl\u00e9e G\u00e9n\u00e9rale (AG)&nbsp;est le repr\u00e9sentant l\u00e9gal de la Maison des jeunes et l&rsquo;instance souveraine de l&rsquo;Asbl. Elle se r\u00e9unit minimum deux fois par an pour prendre les d\u00e9cisions importantes concernant l\u2019association.<\/p>\n\n\n\n<p>\u200bLe reste du temps, elle confie la gestion quotidienne de l&rsquo;association \u00e0 l&rsquo;Organe d&rsquo;administration (OA)&nbsp;qui prendra les d\u00e9cisions n\u00e9cessaires au bon fonctionnement de la MJ.&nbsp; L&rsquo;OA se pr\u00e9sente plusieurs fois par an devant les membres de l&rsquo;Assembl\u00e9e g\u00e9n\u00e9rale pour rendre compte du travail effectu\u00e9 tout au long de l&rsquo;ann\u00e9e.<\/p>\n\n\n\n<hr class=\"wp-block-separator has-text-color has-alpha-channel-opacity has-background is-style-wide\" style=\"background-color:#fe7a80;color:#fe7a80\"\/>\n\n\n\n<h3 class=\"wp-block-heading has-text-color has-large-font-size\" style=\"color:#fe7a80;font-style:normal;font-weight:700;text-transform:uppercase\">Liste des membres de l&rsquo;AG 2026 :<\/h3>\n\n\n\n<p><strong>Ludivine ALFIERI,<\/strong> Echevine de la jeunesse<\/p>\n\n\n\n<p><strong>Marina JUPRELLE,<\/strong> Repr\u00e9sentante Ensemble<\/p>\n\n\n\n<p><strong>Romain DEVALET,<\/strong> Repr\u00e9sentant Ensemble<\/p>\n\n\n\n<p><strong>Dorian PAQUE,<\/strong> Repr\u00e9sentant Jeune<\/p>\n\n\n\n<p><strong>Jordy LALLEMAND,<\/strong> Repr\u00e9sentant Ensemble<\/p>\n\n\n\n<p><strong>Stefan BINACCHI,<\/strong> Repr\u00e9sentant Jeune<\/p>\n\n\n\n<p><strong>Adil BOULAAION,<\/strong> Repr\u00e9sentant Jeune<\/p>\n\n\n\n<p><strong>J\u00e9r\u00e9mie DUBLOUX,<\/strong> Repr\u00e9sentant Projet Citoyen<\/p>\n\n\n\n<p><strong>Francis DEJON,<\/strong> Repr\u00e9sentant Ensemble, Bourgmestre<\/p>\n\n\n\n<p><strong>Nathalie FERETTE,<\/strong> Repr\u00e9sentant Projet Citoyen<\/p>\n\n\n\n<p><strong>Nolann PROSMAN,<\/strong> Repr\u00e9sentant Ensemble<\/p>\n\n\n\n<p><strong>Pierre REMOUCHAMPS,<\/strong> Repr\u00e9sentant Ensemble<\/p>\n\n\n\n<p><strong>Dalia CAMPANA,<\/strong> Repr\u00e9sentante Jeune <\/p>\n\n\n\n<p><strong>Patrick DOPPAGNE,<\/strong> Repr\u00e9sentant de l&rsquo;\u00e9quipe du Centre culturel<\/p>\n\n\n\n<p><strong>Michel SLEYPENN,<\/strong> Repr\u00e9sentant CPAS<\/p>\n\n\n\n<p><strong>Florine BRUGMANS,<\/strong> Repr\u00e9sentante Jeune<\/p>\n\n\n\n<p><strong>Galil\u00e9e GANZASABWA,<\/strong> Repr\u00e9sentante jeune<\/p>\n\n\n\n<p><strong>Nadine HEUSCHEN,<\/strong> Repr\u00e9sentante Projet Citoyen<\/p>\n\n\n\n<p><strong>Quentin ROUSSELLE,<\/strong> Repr\u00e9sentant Jeune<\/p>\n\n\n\n<p><strong>Mano\u00ebl GERARD,<\/strong> Repr\u00e9sentant Jeune<\/p>\n\n\n\n<p><strong>Alexia COUVREUR,<\/strong> Repr\u00e9sentante Jeune <\/p>\n\n\n\n<p><strong>Leyla MORELLE,<\/strong> Repr\u00e9sentante Jeune<\/p>\n\n\n\n<p><strong>AMO Mille lieux de vie,<\/strong> Personne morale<\/p>\n\n\n\n<p><strong>Matt\u00e9o THEUNIS,<\/strong> Repr\u00e9sentant Jeune<\/p>\n\n\n\n<p><strong>Nicolas SACCASYN, <\/strong>Repr\u00e9sentant jeune<\/p>\n","protected":false},"excerpt":{"rendered":"<p>L&rsquo; Assembl\u00e9e G\u00e9n\u00e9rale (AG)&nbsp;est le repr\u00e9sentant l\u00e9gal de la Maison des jeunes et l&rsquo;instance souveraine de l&rsquo;Asbl. Elle se r\u00e9unit minimum deux fois par an pour prendre les d\u00e9cisions importantes concernant l\u2019association. \u200bLe reste du temps, elle confie la gestion quotidienne de l&rsquo;association \u00e0 l&rsquo;Organe d&rsquo;administration (OA)&nbsp;qui prendra les d\u00e9cisions n\u00e9cessaires au bon fonctionnement de [&hellip;]<\/p>\n","protected":false},"author":2,"featured_media":0,"parent":0,"menu_order":0,"comment_status":"closed","ping_status":"closed","template":"","meta":{"footnotes":""},"class_list":["post-2569","page","type-page","status-publish","hentry"],"_links":{"self":[{"href":"http:\/\/www.mjstgeorges.be\/index.php?rest_route=\/wp\/v2\/pages\/2569","targetHints":{"allow":["GET"]}}],"collection":[{"href":"http:\/\/www.mjstgeorges.be\/index.php?rest_route=\/wp\/v2\/pages"}],"about":[{"href":"http:\/\/www.mjstgeorges.be\/index.php?rest_route=\/wp\/v2\/types\/page"}],"author":[{"embeddable":true,"href":"http:\/\/www.mjstgeorges.be\/index.php?rest_route=\/wp\/v2\/users\/2"}],"replies":[{"embeddable":true,"href":"http:\/\/www.mjstgeorges.be\/index.php?rest_route=%2Fwp%2Fv2%2Fcomments&post=2569"}],"version-history":[{"count":17,"href":"http:\/\/www.mjstgeorges.be\/index.php?rest_route=\/wp\/v2\/pages\/2569\/revisions"}],"predecessor-version":[{"id":4172,"href":"http:\/\/www.mjstgeorges.be\/index.php?rest_route=\/wp\/v2\/pages\/2569\/revisions\/4172"}],"wp:attachment":[{"href":"http:\/\/www.mjstgeorges.be\/index.php?rest_route=%2Fwp%2Fv2%2Fmedia&parent=2569"}],"curies":[{"name":"wp","href":"https:\/\/api.w.org\/{rel}","templated":true}]}}