{"id":2571,"date":"2020-09-25T09:36:19","date_gmt":"2020-09-25T08:36:19","guid":{"rendered":"http:\/\/www.mjstgeorges.be\/?page_id=2571"},"modified":"2026-02-09T09:51:53","modified_gmt":"2026-02-09T08:51:53","slug":"lorgane-dadministration","status":"publish","type":"page","link":"http:\/\/www.mjstgeorges.be\/?page_id=2571","title":{"rendered":"L&rsquo;ORGANE D&rsquo;ADMINISTRATION"},"content":{"rendered":"\n<h2 class=\"wp-block-heading\"><strong> <\/strong><\/h2>\n\n\n\n<p>Un Conseil d&rsquo;administration est un des organes de d\u00e9cision d&rsquo;une ASBL. Il doit \u00eatre compos\u00e9 d&rsquo;au moins trois administrateurs: un pr\u00e9sident, un tr\u00e9sorier et un secr\u00e9taire. Dans le cas de la Maison de jeunes, au moins un tiers des membres constituant cet organe est jeune, c&rsquo;est&nbsp;\u00e0 dire, \u00e2g\u00e9s entre 18 et 26 ans. Les administrateurs sont nomm\u00e9s par l&rsquo;Assembl\u00e9e g\u00e9n\u00e9rale. Les administrateurs sont,&nbsp;bien entendu,&nbsp;r\u00e9\u00e9ligibles et exercent leur mandat \u00e0 titre gratuit.<\/p>\n\n\n\n<p>Cet organe est n\u00e9cessaire au bon d\u00e9roulement des activit\u00e9s de l\u2019ASBL. C\u2019est l\u00e0 que toutes les d\u00e9cisions relatives aux budgets, \u00e0 l\u2019adoption et \u00e0 la concr\u00e9tisation des projets sont prises.<\/p>\n\n\n\n<hr class=\"wp-block-separator has-text-color has-alpha-channel-opacity has-background is-style-wide\" style=\"background-color:#fe7a80;color:#fe7a80\"\/>\n\n\n\n<h2 class=\"wp-block-heading has-text-color has-large-font-size\" style=\"color:#fe7a80;font-style:normal;font-weight:700;text-transform:uppercase\"><strong>Liste des administrateurs 2026  :<\/strong><\/h2>\n\n\n\n<p><strong>Romain DEVALET<\/strong>, Pr\u00e9sident<\/p>\n\n\n\n<p><strong>Marina JUPRELLE<\/strong>, Vice-Pr\u00e9sidente<\/p>\n\n\n\n<p><strong>Dorian PAQUE<\/strong>, Vice-Pr\u00e9sident <\/p>\n\n\n\n<p><strong>Jordy LALLEMAND, <\/strong>Vice-Pr\u00e9sident<\/p>\n\n\n\n<p><strong>Patrick DOPPAGNE<\/strong>, Tr\u00e9sorier<\/p>\n\n\n\n<p><strong>Ludivine ALFIERI<\/strong>, Administratrice<\/p>\n\n\n\n<p><strong>J\u00e9r\u00e9mie DUBLOUX<\/strong>, Administrateur<\/p>\n\n\n\n<p><strong>Nathalie FERETTE<\/strong>, Administratrice<\/p>\n\n\n\n<p><strong>AMO Mille lieux de vie<\/strong>, Administrateur<\/p>\n\n\n\n<p><strong>Stefan BINACCHI<\/strong>, Administrateur<\/p>\n\n\n\n<p><strong>Leyla MORELLE<\/strong>, Administratrice<\/p>\n\n\n\n<p><strong>Matt\u00e9o THEUNIS<\/strong>, Administrateur<\/p>\n\n\n\n<p><\/p>\n\n\n\n<p><\/p>\n","protected":false},"excerpt":{"rendered":"<p>Un Conseil d&rsquo;administration est un des organes de d\u00e9cision d&rsquo;une ASBL. Il doit \u00eatre compos\u00e9 d&rsquo;au moins trois administrateurs: un pr\u00e9sident, un tr\u00e9sorier et un secr\u00e9taire. Dans le cas de la Maison de jeunes, au moins un tiers des membres constituant cet organe est jeune, c&rsquo;est&nbsp;\u00e0 dire, \u00e2g\u00e9s entre 18 et 26 ans. Les administrateurs [&hellip;]<\/p>\n","protected":false},"author":2,"featured_media":0,"parent":0,"menu_order":0,"comment_status":"closed","ping_status":"closed","template":"","meta":{"footnotes":""},"class_list":["post-2571","page","type-page","status-publish","hentry"],"_links":{"self":[{"href":"http:\/\/www.mjstgeorges.be\/index.php?rest_route=\/wp\/v2\/pages\/2571","targetHints":{"allow":["GET"]}}],"collection":[{"href":"http:\/\/www.mjstgeorges.be\/index.php?rest_route=\/wp\/v2\/pages"}],"about":[{"href":"http:\/\/www.mjstgeorges.be\/index.php?rest_route=\/wp\/v2\/types\/page"}],"author":[{"embeddable":true,"href":"http:\/\/www.mjstgeorges.be\/index.php?rest_route=\/wp\/v2\/users\/2"}],"replies":[{"embeddable":true,"href":"http:\/\/www.mjstgeorges.be\/index.php?rest_route=%2Fwp%2Fv2%2Fcomments&post=2571"}],"version-history":[{"count":17,"href":"http:\/\/www.mjstgeorges.be\/index.php?rest_route=\/wp\/v2\/pages\/2571\/revisions"}],"predecessor-version":[{"id":4192,"href":"http:\/\/www.mjstgeorges.be\/index.php?rest_route=\/wp\/v2\/pages\/2571\/revisions\/4192"}],"wp:attachment":[{"href":"http:\/\/www.mjstgeorges.be\/index.php?rest_route=%2Fwp%2Fv2%2Fmedia&parent=2571"}],"curies":[{"name":"wp","href":"https:\/\/api.w.org\/{rel}","templated":true}]}}