{"id":3385,"date":"2023-01-24T13:56:16","date_gmt":"2023-01-24T12:56:16","guid":{"rendered":"https:\/\/www.mjstgeorges.be\/?page_id=3385"},"modified":"2024-04-11T12:31:21","modified_gmt":"2024-04-11T11:31:21","slug":"vacances-de-printemps","status":"publish","type":"page","link":"http:\/\/www.mjstgeorges.be\/?page_id=3385","title":{"rendered":"VACANCES DE PRINTEMPS"},"content":{"rendered":"\n<p>La MJ vous a pr\u00e9par\u00e9 un beau petit planning pour les prochaines vacances. Au programme : un stage, des sorties et pleins d&rsquo;activit\u00e9s ! <\/p>\n\n\n\n<p>Ps : oublie pas de t&rsquo;inscrire pour le stage et les sorties. <\/p>\n\n\n\n<figure class=\"wp-block-gallery has-nested-images columns-default is-cropped wp-block-gallery-1 is-layout-flex wp-block-gallery-is-layout-flex\">\n<figure class=\"wp-block-image size-large\"><img loading=\"lazy\" decoding=\"async\" width=\"1024\" height=\"576\" data-id=\"3942\" src=\"https:\/\/www.mjstgeorges.be\/wp-content\/uploads\/2024\/04\/planning-vacance-de-printemps-1024x576.jpg\" alt=\"\" class=\"wp-image-3942\" srcset=\"https:\/\/www.mjstgeorges.be\/wp-content\/uploads\/2024\/04\/planning-vacance-de-printemps-1024x576.jpg 1024w, https:\/\/www.mjstgeorges.be\/wp-content\/uploads\/2024\/04\/planning-vacance-de-printemps-300x169.jpg 300w, https:\/\/www.mjstgeorges.be\/wp-content\/uploads\/2024\/04\/planning-vacance-de-printemps-768x432.jpg 768w, https:\/\/www.mjstgeorges.be\/wp-content\/uploads\/2024\/04\/planning-vacance-de-printemps-1536x864.jpg 1536w, https:\/\/www.mjstgeorges.be\/wp-content\/uploads\/2024\/04\/planning-vacance-de-printemps.jpg 1920w\" sizes=\"auto, (max-width: 1024px) 100vw, 1024px\" \/><\/figure>\n<\/figure>\n\n\n\n<p><\/p>\n\n\n\n<p><\/p>\n\n\n\n<p><\/p>\n\n\n\n<figure class=\"wp-block-gallery has-nested-images columns-default is-cropped wp-block-gallery-2 is-layout-flex wp-block-gallery-is-layout-flex\">\n<figure class=\"wp-block-image size-large\"><img loading=\"lazy\" decoding=\"async\" width=\"724\" height=\"1024\" data-id=\"3933\" src=\"https:\/\/www.mjstgeorges.be\/wp-content\/uploads\/2024\/03\/Stage-Koh-Lanta-Paques--724x1024.jpg\" alt=\"\" class=\"wp-image-3933\" srcset=\"https:\/\/www.mjstgeorges.be\/wp-content\/uploads\/2024\/03\/Stage-Koh-Lanta-Paques--724x1024.jpg 724w, https:\/\/www.mjstgeorges.be\/wp-content\/uploads\/2024\/03\/Stage-Koh-Lanta-Paques--212x300.jpg 212w, https:\/\/www.mjstgeorges.be\/wp-content\/uploads\/2024\/03\/Stage-Koh-Lanta-Paques--768x1086.jpg 768w, https:\/\/www.mjstgeorges.be\/wp-content\/uploads\/2024\/03\/Stage-Koh-Lanta-Paques--1086x1536.jpg 1086w, https:\/\/www.mjstgeorges.be\/wp-content\/uploads\/2024\/03\/Stage-Koh-Lanta-Paques-.jpg 1414w\" sizes=\"auto, (max-width: 724px) 100vw, 724px\" \/><\/figure>\n<\/figure>\n\n\n\n<p><\/p>\n\n\n\n<figure class=\"wp-block-image size-large\"><img loading=\"lazy\" decoding=\"async\" width=\"1024\" height=\"576\" src=\"https:\/\/www.mjstgeorges.be\/wp-content\/uploads\/2023\/04\/Calendrier-Paques-1024x576.jpg\" alt=\"\" class=\"wp-image-3641\" srcset=\"https:\/\/www.mjstgeorges.be\/wp-content\/uploads\/2023\/04\/Calendrier-Paques-1024x576.jpg 1024w, https:\/\/www.mjstgeorges.be\/wp-content\/uploads\/2023\/04\/Calendrier-Paques-300x169.jpg 300w, https:\/\/www.mjstgeorges.be\/wp-content\/uploads\/2023\/04\/Calendrier-Paques-768x432.jpg 768w, https:\/\/www.mjstgeorges.be\/wp-content\/uploads\/2023\/04\/Calendrier-Paques-1536x864.jpg 1536w, https:\/\/www.mjstgeorges.be\/wp-content\/uploads\/2023\/04\/Calendrier-Paques.jpg 1920w\" sizes=\"auto, (max-width: 1024px) 100vw, 1024px\" \/><\/figure>\n\n\n\n<hr class=\"wp-block-separator has-text-color has-alpha-channel-opacity has-background is-style-wide\" style=\"background-color:#209fac;color:#209fac\"\/>\n\n\n<div class=\"wp-block-image\">\n<figure class=\"alignright size-large is-resized\"><img loading=\"lazy\" decoding=\"async\" width=\"724\" height=\"1024\" src=\"https:\/\/www.mjstgeorges.be\/wp-content\/uploads\/2023\/04\/Plopsaqua-1-724x1024.jpg\" alt=\"\" class=\"wp-image-3643\" style=\"width:350px;height:500px\" srcset=\"https:\/\/www.mjstgeorges.be\/wp-content\/uploads\/2023\/04\/Plopsaqua-1-724x1024.jpg 724w, https:\/\/www.mjstgeorges.be\/wp-content\/uploads\/2023\/04\/Plopsaqua-1-212x300.jpg 212w, https:\/\/www.mjstgeorges.be\/wp-content\/uploads\/2023\/04\/Plopsaqua-1-768x1086.jpg 768w, https:\/\/www.mjstgeorges.be\/wp-content\/uploads\/2023\/04\/Plopsaqua-1-1086x1536.jpg 1086w, https:\/\/www.mjstgeorges.be\/wp-content\/uploads\/2023\/04\/Plopsaqua-1-1448x2048.jpg 1448w, https:\/\/www.mjstgeorges.be\/wp-content\/uploads\/2023\/04\/Plopsaqua-1-scaled.jpg 1810w\" sizes=\"auto, (max-width: 724px) 100vw, 724px\" \/><\/figure><\/div>\n\n\n<h2 class=\"wp-block-heading has-text-color has-large-font-size\" style=\"color:#209fac;font-style:normal;font-weight:600\">Sortie Plopsaqua <\/h2>\n\n\n\n<div class=\"wp-block-columns is-layout-flex wp-container-core-columns-is-layout-9d6595d7 wp-block-columns-is-layout-flex\">\n<div class=\"wp-block-column is-layout-flow wp-block-column-is-layout-flow\" style=\"flex-basis:100%\">\n<div style=\"height:165px\" aria-hidden=\"true\" class=\"wp-block-spacer\"><\/div>\n<\/div>\n<\/div>\n\n\n\n<p>La Mj va \u00e0 Plopsaqua la premi\u00e8re semaine des vacances de P\u00e2ques, tu viens avec nous ?<\/p>\n\n\n\n<div class=\"wp-block-columns is-layout-flex wp-container-core-columns-is-layout-9d6595d7 wp-block-columns-is-layout-flex\">\n<div class=\"wp-block-column is-layout-flow wp-block-column-is-layout-flow\" style=\"flex-basis:100%\">\n<div style=\"height:188px\" aria-hidden=\"true\" class=\"wp-block-spacer\"><\/div>\n<\/div>\n<\/div>\n\n\n\n<hr class=\"wp-block-separator has-text-color has-alpha-channel-opacity has-background is-style-wide\" style=\"background-color:#209fac;color:#209fac\"\/>\n\n\n\n<figure class=\"wp-block-image size-large\"><img loading=\"lazy\" decoding=\"async\" width=\"1024\" height=\"427\" src=\"https:\/\/www.mjstgeorges.be\/wp-content\/uploads\/2023\/04\/Stage-photo-1024x427.jpg\" alt=\"\" class=\"wp-image-3642\" srcset=\"https:\/\/www.mjstgeorges.be\/wp-content\/uploads\/2023\/04\/Stage-photo-1024x427.jpg 1024w, https:\/\/www.mjstgeorges.be\/wp-content\/uploads\/2023\/04\/Stage-photo-300x125.jpg 300w, https:\/\/www.mjstgeorges.be\/wp-content\/uploads\/2023\/04\/Stage-photo-768x320.jpg 768w, https:\/\/www.mjstgeorges.be\/wp-content\/uploads\/2023\/04\/Stage-photo-1536x640.jpg 1536w, https:\/\/www.mjstgeorges.be\/wp-content\/uploads\/2023\/04\/Stage-photo-2048x854.jpg 2048w\" sizes=\"auto, (max-width: 1024px) 100vw, 1024px\" \/><\/figure>\n\n\n\n<div style=\"height:35px\" aria-hidden=\"true\" class=\"wp-block-spacer\"><\/div>\n\n\n\n<h2 class=\"wp-block-heading has-text-color has-large-font-size\" style=\"color:#209fac;font-style:normal;font-weight:600\">Stage photographie num\u00e9rique <\/h2>\n\n\n\n<p>La MJ et le Centre Culturel de Saint-Georges vous propose un stage photo <img loading=\"lazy\" decoding=\"async\" height=\"16\" width=\"16\" src=\"https:\/\/static.xx.fbcdn.net\/images\/emoji.php\/v9\/tde\/1\/16\/1f4f8.png\" alt=\"&#x1f4f8;\"> la deuxi\u00e8me semaine des vacances de P\u00e2ques ! <\/p>\n\n\n\n<p>Venez d\u00e9couvrir la photographie num\u00e9rique, ou perfectionner votre pratique durant une semaine \u00e0 la Maison des Jeunes&nbsp;! Au programme&nbsp;: prise de vue avec un appareil r\u00e9flex, photos en mode \u00ab&nbsp;manuel&nbsp;\u00bb, retouches sur Lightroom et Photoshop, visite d\u2019une expo et surtout montage d\u2019une exposition collective au Centre Culturel&nbsp;! <\/p>\n\n\n\n<p><strong>Dates : <\/strong>du 08 au 12 mai de 10 \u00e0 17h<\/p>\n\n\n\n<p><strong>Prix : <\/strong>10\u20ac + carte de membre de la MJ (5\u20ac)<\/p>\n\n\n\n<p><strong>Renseignements : <\/strong>contactez Marie au 0493\/18.83.33.<\/p>\n\n\n\n<p><strong>Inscriptions : <\/strong>contactez Simon au 0493\/18.83.38 ou par mail \u00e0 simon.charlier@mjstgeorges.be<\/p>\n\n\n\n<hr class=\"wp-block-separator has-text-color has-alpha-channel-opacity has-background is-style-wide\" style=\"background-color:#209fac;color:#209fac\"\/>\n\n\n<div class=\"wp-block-image\">\n<figure class=\"alignleft size-large is-resized\"><img loading=\"lazy\" decoding=\"async\" width=\"724\" height=\"1024\" src=\"https:\/\/www.mjstgeorges.be\/wp-content\/uploads\/2023\/04\/Forestia-sans-prix-724x1024.png\" alt=\"\" class=\"wp-image-3645\" style=\"width:350px;height:496px\" srcset=\"https:\/\/www.mjstgeorges.be\/wp-content\/uploads\/2023\/04\/Forestia-sans-prix-724x1024.png 724w, https:\/\/www.mjstgeorges.be\/wp-content\/uploads\/2023\/04\/Forestia-sans-prix-212x300.png 212w, https:\/\/www.mjstgeorges.be\/wp-content\/uploads\/2023\/04\/Forestia-sans-prix-768x1086.png 768w, https:\/\/www.mjstgeorges.be\/wp-content\/uploads\/2023\/04\/Forestia-sans-prix-1086x1536.png 1086w, https:\/\/www.mjstgeorges.be\/wp-content\/uploads\/2023\/04\/Forestia-sans-prix-1448x2048.png 1448w, https:\/\/www.mjstgeorges.be\/wp-content\/uploads\/2023\/04\/Forestia-sans-prix.png 1587w\" sizes=\"auto, (max-width: 724px) 100vw, 724px\" \/><\/figure><\/div>\n\n\n<h2 class=\"wp-block-heading has-text-color has-large-font-size\" style=\"color:#209fac;font-style:normal;font-weight:600\">Sortie Forestia <\/h2>\n\n\n\n<div class=\"wp-block-columns is-layout-flex wp-container-core-columns-is-layout-9d6595d7 wp-block-columns-is-layout-flex\">\n<div class=\"wp-block-column is-layout-flow wp-block-column-is-layout-flow\" style=\"flex-basis:100%\">\n<div style=\"height:82px\" aria-hidden=\"true\" class=\"wp-block-spacer\"><\/div>\n<\/div>\n<\/div>\n\n\n\n<p>Le 09 mai, la MJ vous emm\u00e8ne dans les Ardennes pour aller visiter le parc de Forestia !<\/p>\n\n\n\n<p>D\u00e9tails \u00e0 venir<\/p>\n","protected":false},"excerpt":{"rendered":"<p>La MJ vous a pr\u00e9par\u00e9 un beau petit planning pour les prochaines vacances. Au programme : un stage, des sorties et pleins d&rsquo;activit\u00e9s ! Ps : oublie pas de t&rsquo;inscrire pour le stage et les sorties. Sortie Plopsaqua La Mj va \u00e0 Plopsaqua la premi\u00e8re semaine des vacances de P\u00e2ques, tu viens avec nous ? [&hellip;]<\/p>\n","protected":false},"author":2,"featured_media":0,"parent":0,"menu_order":0,"comment_status":"closed","ping_status":"closed","template":"","meta":{"footnotes":""},"class_list":["post-3385","page","type-page","status-publish","hentry"],"_links":{"self":[{"href":"http:\/\/www.mjstgeorges.be\/index.php?rest_route=\/wp\/v2\/pages\/3385","targetHints":{"allow":["GET"]}}],"collection":[{"href":"http:\/\/www.mjstgeorges.be\/index.php?rest_route=\/wp\/v2\/pages"}],"about":[{"href":"http:\/\/www.mjstgeorges.be\/index.php?rest_route=\/wp\/v2\/types\/page"}],"author":[{"embeddable":true,"href":"http:\/\/www.mjstgeorges.be\/index.php?rest_route=\/wp\/v2\/users\/2"}],"replies":[{"embeddable":true,"href":"http:\/\/www.mjstgeorges.be\/index.php?rest_route=%2Fwp%2Fv2%2Fcomments&post=3385"}],"version-history":[{"count":7,"href":"http:\/\/www.mjstgeorges.be\/index.php?rest_route=\/wp\/v2\/pages\/3385\/revisions"}],"predecessor-version":[{"id":3943,"href":"http:\/\/www.mjstgeorges.be\/index.php?rest_route=\/wp\/v2\/pages\/3385\/revisions\/3943"}],"wp:attachment":[{"href":"http:\/\/www.mjstgeorges.be\/index.php?rest_route=%2Fwp%2Fv2%2Fmedia&parent=3385"}],"curies":[{"name":"wp","href":"https:\/\/api.w.org\/{rel}","templated":true}]}}