{"id":3539,"date":"2023-03-28T12:06:55","date_gmt":"2023-03-28T11:06:55","guid":{"rendered":"https:\/\/www.mjstgeorges.be\/?page_id=3539"},"modified":"2026-02-09T10:42:33","modified_gmt":"2026-02-09T09:42:33","slug":"home","status":"publish","type":"page","link":"http:\/\/www.mjstgeorges.be\/","title":{"rendered":"HOME"},"content":{"rendered":"\n<h2 class=\"wp-block-heading has-text-color has-large-font-size\" style=\"color:#fe7a80;font-style:normal;font-weight:700\">C&rsquo;est quoi l&rsquo;accueil ? <\/h2>\n\n\n\n<hr class=\"wp-block-separator has-text-color has-alpha-channel-opacity has-background is-style-wide\" style=\"background-color:#fe7a80;color:#fe7a80\"\/>\n\n\n\n<p>En MJ, l&rsquo;Accueil est l&rsquo;activit\u00e9 principale, au c\u0153ur d&rsquo;un processus d&rsquo;accrochage du jeune au mod\u00e8le p\u00e9dagogique de notre institution. C&rsquo;est aussi un lieu de rencontres, d&rsquo;\u00e9changes et de convivialit\u00e9 entre jeunes et animateurs.<\/p>\n\n\n\n<p>Alors si tu as entre 12 et 26 ans, que tu veux retrouver des ami(e)s apr\u00e8s les cours, \u00e9couter de la musique, chercher des infos sur nos activit\u00e9s, participer \u00e0 nos ateliers, nous parler de tes envies ou de tes difficult\u00e9s, demander un conseil ou simplement jouer au kicker ou au ping pong, surfer sur le net, jouer \u00e0 des jeux de soci\u00e9t\u00e9, regarder la tv, proposer tes projets&#8230; Mets tes envies en action et viens nous rejoindre \u00e0 la Maison des Jeunes de Saint-Georges !<\/p>\n\n\n\n<hr class=\"wp-block-separator has-text-color has-alpha-channel-opacity has-background is-style-wide\" style=\"background-color:#209fac;color:#209fac\"\/>\n\n\n\n<h3 class=\"wp-block-heading has-text-color has-large-font-size\" style=\"color:#209fac;font-style:normal;font-weight:600\">Horaires d&rsquo;ouverture en p\u00e9riode scolaire : <\/h3>\n\n\n\n<p>Notre nouvel horaire d&rsquo;accueil !<\/p>\n\n\n\n<figure class=\"wp-block-gallery has-nested-images columns-default is-cropped wp-block-gallery-1 is-layout-flex wp-block-gallery-is-layout-flex\">\n<figure class=\"wp-block-image size-large\"><img loading=\"lazy\" decoding=\"async\" width=\"576\" height=\"1024\" data-id=\"4197\" src=\"https:\/\/www.mjstgeorges.be\/wp-content\/uploads\/2026\/02\/Test-Nouvel-Horaire-576x1024.png\" alt=\"\" class=\"wp-image-4197\" srcset=\"https:\/\/www.mjstgeorges.be\/wp-content\/uploads\/2026\/02\/Test-Nouvel-Horaire-576x1024.png 576w, https:\/\/www.mjstgeorges.be\/wp-content\/uploads\/2026\/02\/Test-Nouvel-Horaire-169x300.png 169w, https:\/\/www.mjstgeorges.be\/wp-content\/uploads\/2026\/02\/Test-Nouvel-Horaire-768x1365.png 768w, https:\/\/www.mjstgeorges.be\/wp-content\/uploads\/2026\/02\/Test-Nouvel-Horaire-864x1536.png 864w, https:\/\/www.mjstgeorges.be\/wp-content\/uploads\/2026\/02\/Test-Nouvel-Horaire.png 1080w\" sizes=\"auto, (max-width: 576px) 100vw, 576px\" \/><\/figure>\n<\/figure>\n\n\n\n<p><\/p>\n\n\n\n<p><\/p>\n\n\n\n<figure class=\"wp-block-gallery has-nested-images columns-default is-cropped wp-block-gallery-2 is-layout-flex wp-block-gallery-is-layout-flex\">\n<figure class=\"wp-block-image size-large\"><img loading=\"lazy\" decoding=\"async\" width=\"960\" height=\"720\" data-id=\"3196\" src=\"http:\/\/www.mjstgeorges.be\/wp-content\/uploads\/2022\/06\/272090676_2108179349338807_2785046716887185189_n.jpg\" alt=\"\" class=\"wp-image-3196\" srcset=\"https:\/\/www.mjstgeorges.be\/wp-content\/uploads\/2022\/06\/272090676_2108179349338807_2785046716887185189_n.jpg 960w, https:\/\/www.mjstgeorges.be\/wp-content\/uploads\/2022\/06\/272090676_2108179349338807_2785046716887185189_n-300x225.jpg 300w, https:\/\/www.mjstgeorges.be\/wp-content\/uploads\/2022\/06\/272090676_2108179349338807_2785046716887185189_n-768x576.jpg 768w\" sizes=\"auto, (max-width: 960px) 100vw, 960px\" \/><\/figure>\n<\/figure>\n","protected":false},"excerpt":{"rendered":"<p>C&rsquo;est quoi l&rsquo;accueil ? En MJ, l&rsquo;Accueil est l&rsquo;activit\u00e9 principale, au c\u0153ur d&rsquo;un processus d&rsquo;accrochage du jeune au mod\u00e8le p\u00e9dagogique de notre institution. C&rsquo;est aussi un lieu de rencontres, d&rsquo;\u00e9changes et de convivialit\u00e9 entre jeunes et animateurs. Alors si tu as entre 12 et 26 ans, que tu veux retrouver des ami(e)s apr\u00e8s les cours, [&hellip;]<\/p>\n","protected":false},"author":1,"featured_media":4201,"parent":0,"menu_order":0,"comment_status":"closed","ping_status":"closed","template":"template-homepage.php","meta":{"footnotes":""},"class_list":["post-3539","page","type-page","status-publish","has-post-thumbnail","hentry"],"_links":{"self":[{"href":"http:\/\/www.mjstgeorges.be\/index.php?rest_route=\/wp\/v2\/pages\/3539","targetHints":{"allow":["GET"]}}],"collection":[{"href":"http:\/\/www.mjstgeorges.be\/index.php?rest_route=\/wp\/v2\/pages"}],"about":[{"href":"http:\/\/www.mjstgeorges.be\/index.php?rest_route=\/wp\/v2\/types\/page"}],"author":[{"embeddable":true,"href":"http:\/\/www.mjstgeorges.be\/index.php?rest_route=\/wp\/v2\/users\/1"}],"replies":[{"embeddable":true,"href":"http:\/\/www.mjstgeorges.be\/index.php?rest_route=%2Fwp%2Fv2%2Fcomments&post=3539"}],"version-history":[{"count":7,"href":"http:\/\/www.mjstgeorges.be\/index.php?rest_route=\/wp\/v2\/pages\/3539\/revisions"}],"predecessor-version":[{"id":4200,"href":"http:\/\/www.mjstgeorges.be\/index.php?rest_route=\/wp\/v2\/pages\/3539\/revisions\/4200"}],"wp:featuredmedia":[{"embeddable":true,"href":"http:\/\/www.mjstgeorges.be\/index.php?rest_route=\/wp\/v2\/media\/4201"}],"wp:attachment":[{"href":"http:\/\/www.mjstgeorges.be\/index.php?rest_route=%2Fwp%2Fv2%2Fmedia&parent=3539"}],"curies":[{"name":"wp","href":"https:\/\/api.w.org\/{rel}","templated":true}]}}