{"id":59,"date":"2013-09-05T19:58:20","date_gmt":"2013-09-05T18:58:20","guid":{"rendered":"http:\/\/www.mjstgeorges.be\/?page_id=59"},"modified":"2025-09-22T12:55:38","modified_gmt":"2025-09-22T11:55:38","slug":"test","status":"publish","type":"page","link":"http:\/\/www.mjstgeorges.be\/?page_id=59","title":{"rendered":"ATELIERS"},"content":{"rendered":"\n<p><\/p>\n\n\n\n<p><span style=\"text-decoration: underline;\">Payants et sur inscription<\/span><\/p>\n\n\n\n<p class=\"has-text-color\" style=\"color:#fe7a80\">Les ateliers reprennent en septembre, n&rsquo;h\u00e9sitez pas contacter votre animateur pour prendre connaissance de la date exacte. <\/p>\n\n\n\n<p class=\"has-text-color\" style=\"color:#fe7a80\"><strong>Pour toute nouvelle inscription (peu importe l&rsquo;atelier), merci de contacter C\u00e9lia Olivieri au 0493\/18.83.42, ou Simon Charlier au 0493\/18.83.38. <\/strong><br><strong>En cas d&rsquo;indisponibilit\u00e9, n&rsquo;h\u00e9sitez pas \u00e0 nous laisser un petit message, nous vous rappellerons dans les plus brefs d\u00e9lais.   <\/strong><\/p>\n\n\n\n<p>La MJ vous propose des ateliers hebdomadaires vari\u00e9s de septembre \u00e0 juin (except\u00e9 vacances scolaires ) o\u00f9 l&rsquo;on s&rsquo;amuse tout en apprenant. Ces ateliers sont cr\u00e9\u00e9s selon les envies des jeunes et au prix fixe de 30\u20ac\/ les 10 s\u00e9ances (carte). Le premier essai est GRATUIT et si tu participes \u00e0 plusieurs ateliers, le 3\u00e8me est gratuit !<\/p>\n\n\n\n<p>Alors, si tu as envie de mettre en place un autre atelier, n&rsquo;h\u00e9site pas \u00e0 contacter l&rsquo;\u00e9quipe d&rsquo;animation et pr\u00e9senter ton projet.<\/p>\n\n\n\n<h2 class=\"wp-block-heading has-text-color has-large-font-size\" style=\"color:#fe7a80;font-style:normal;font-weight:700\"><\/h2>\n\n\n\n<p><strong>Horaire des ateliers 2025-2026<\/strong><\/p>\n\n\n\n<figure class=\"wp-block-image size-large\"><img loading=\"lazy\" decoding=\"async\" width=\"724\" height=\"1024\" src=\"https:\/\/www.mjstgeorges.be\/wp-content\/uploads\/2025\/09\/NOS-ATELIERS-724x1024.jpg\" alt=\"\" class=\"wp-image-4133\" srcset=\"https:\/\/www.mjstgeorges.be\/wp-content\/uploads\/2025\/09\/NOS-ATELIERS-724x1024.jpg 724w, https:\/\/www.mjstgeorges.be\/wp-content\/uploads\/2025\/09\/NOS-ATELIERS-212x300.jpg 212w, https:\/\/www.mjstgeorges.be\/wp-content\/uploads\/2025\/09\/NOS-ATELIERS-768x1086.jpg 768w, https:\/\/www.mjstgeorges.be\/wp-content\/uploads\/2025\/09\/NOS-ATELIERS-1086x1536.jpg 1086w, https:\/\/www.mjstgeorges.be\/wp-content\/uploads\/2025\/09\/NOS-ATELIERS.jpg 1414w\" sizes=\"auto, (max-width: 724px) 100vw, 724px\" \/><\/figure>\n\n\n\n<hr class=\"wp-block-separator has-text-color has-alpha-channel-opacity has-background is-style-wide\" style=\"background-color:#209fac;color:#209fac\"\/>\n\n\n\n<h3 class=\"wp-block-heading has-text-align-center subtitle has-text-color has-large-font-size\" style=\"color:#209fac;font-style:normal;font-weight:600\">Guitare acoustique &amp; \u00e9lectrique<\/h3>\n\n\n\n<div class=\"wp-block-columns is-layout-flex wp-container-core-columns-is-layout-9d6595d7 wp-block-columns-is-layout-flex\">\n<div class=\"wp-block-column is-layout-flow wp-block-column-is-layout-flow\" style=\"flex-basis:33.33%\">\n<figure class=\"wp-block-image size-full is-resized\"><img loading=\"lazy\" decoding=\"async\" width=\"724\" height=\"1024\" src=\"https:\/\/www.mjstgeorges.be\/wp-content\/uploads\/2023\/08\/Atelier-guitare.jpg\" alt=\"\" class=\"wp-image-3849\" style=\"width:267px;height:378px\" srcset=\"https:\/\/www.mjstgeorges.be\/wp-content\/uploads\/2023\/08\/Atelier-guitare.jpg 724w, https:\/\/www.mjstgeorges.be\/wp-content\/uploads\/2023\/08\/Atelier-guitare-212x300.jpg 212w\" sizes=\"auto, (max-width: 724px) 100vw, 724px\" \/><\/figure>\n<\/div>\n\n\n\n<div class=\"wp-block-column is-layout-flow wp-block-column-is-layout-flow\" style=\"flex-basis:66.66%\">\n<p>L\u2019atelier guitare se d\u00e9roule en groupe selon les niveaux, mais une chose est s\u00fbre on apprend \u00e0 gratter sans passer par la case solf\u00e8ge.<\/p>\n\n\n\n<p>Les cours se d\u00e9rouleront tous<strong> les mercredis de 16h \u00e0 19h<\/strong> pour tous les jeunes \u00e0 partir de 12 ans.<\/p>\n\n\n\n<p>Ce cours est ouvert \u00e0 toute personne voulant d\u00e9buter la guitare !<\/p>\n\n\n\n<p>Possibilit\u00e9 de mise \u00e0 disposition de guitares, plus d\u2019infos aupr\u00e8s des animateurs.<\/p>\n<\/div>\n<\/div>\n\n\n\n<div style=\"height:9px\" aria-hidden=\"true\" class=\"wp-block-spacer\"><\/div>\n\n\n\n<hr class=\"wp-block-separator has-text-color has-alpha-channel-opacity has-background is-style-wide\" style=\"background-color:#209fac;color:#209fac\"\/>\n\n\n\n<h3 class=\"wp-block-heading has-text-align-center has-text-color has-large-font-size\" style=\"color:#209fac;font-style:normal;font-weight:600\">Piano<\/h3>\n\n\n\n<div class=\"wp-block-columns is-layout-flex wp-container-core-columns-is-layout-9d6595d7 wp-block-columns-is-layout-flex\">\n<div class=\"wp-block-column is-layout-flow wp-block-column-is-layout-flow\" style=\"flex-basis:33.33%\">\n<p class=\"has-text-align-right\"><strong>Cours collectif. <\/strong><\/p>\n\n\n\n<p class=\"has-text-align-right\">Attention places limit\u00e9es<\/p>\n<\/div>\n\n\n\n<div class=\"wp-block-column is-layout-flow wp-block-column-is-layout-flow\" style=\"flex-basis:66.66%\"><div class=\"wp-block-image\">\n<figure class=\"alignright size-large is-resized\"><img loading=\"lazy\" decoding=\"async\" width=\"724\" height=\"1024\" src=\"https:\/\/www.mjstgeorges.be\/wp-content\/uploads\/2023\/08\/Atelier-piano-site-1-3-724x1024.jpg\" alt=\"\" class=\"wp-image-3869\" style=\"width:365px;height:516px\" srcset=\"https:\/\/www.mjstgeorges.be\/wp-content\/uploads\/2023\/08\/Atelier-piano-site-1-3-724x1024.jpg 724w, https:\/\/www.mjstgeorges.be\/wp-content\/uploads\/2023\/08\/Atelier-piano-site-1-3-212x300.jpg 212w, https:\/\/www.mjstgeorges.be\/wp-content\/uploads\/2023\/08\/Atelier-piano-site-1-3-768x1086.jpg 768w, https:\/\/www.mjstgeorges.be\/wp-content\/uploads\/2023\/08\/Atelier-piano-site-1-3-1086x1536.jpg 1086w, https:\/\/www.mjstgeorges.be\/wp-content\/uploads\/2023\/08\/Atelier-piano-site-1-3-1448x2048.jpg 1448w, https:\/\/www.mjstgeorges.be\/wp-content\/uploads\/2023\/08\/Atelier-piano-site-1-3-scaled.jpg 1810w\" sizes=\"auto, (max-width: 724px) 100vw, 724px\" \/><\/figure><\/div><\/div>\n<\/div>\n\n\n\n<p><\/p>\n\n\n\n<div style=\"height:21px\" aria-hidden=\"true\" class=\"wp-block-spacer\"><\/div>\n\n\n\n<hr class=\"wp-block-separator has-text-color has-alpha-channel-opacity has-background is-style-wide\" style=\"background-color:#209fac;color:#209fac\"\/>\n\n\n\n<h3 class=\"wp-block-heading has-text-align-center has-text-color has-large-font-size\" style=\"color:#209fac;font-style:normal;font-weight:600\">Jeu de r\u00f4le sur table<\/h3>\n\n\n\n<p>Les ateliers JDR se d\u00e9roulent en deux groupes distincts :<\/p>\n\n\n\n<div class=\"wp-block-columns is-layout-flex wp-container-core-columns-is-layout-9d6595d7 wp-block-columns-is-layout-flex\">\n<div class=\"wp-block-column is-layout-flow wp-block-column-is-layout-flow\"><div class=\"wp-block-image\">\n<figure class=\"aligncenter size-large is-resized\"><img loading=\"lazy\" decoding=\"async\" width=\"724\" height=\"1024\" src=\"http:\/\/www.mjstgeorges.be\/wp-content\/uploads\/2021\/10\/Affiche-atelier-Pathfinder-724x1024.png\" alt=\"\" class=\"wp-image-3034\" style=\"width:358px;height:512px\" srcset=\"https:\/\/www.mjstgeorges.be\/wp-content\/uploads\/2021\/10\/Affiche-atelier-Pathfinder-724x1024.png 724w, https:\/\/www.mjstgeorges.be\/wp-content\/uploads\/2021\/10\/Affiche-atelier-Pathfinder-212x300.png 212w, https:\/\/www.mjstgeorges.be\/wp-content\/uploads\/2021\/10\/Affiche-atelier-Pathfinder-768x1086.png 768w, https:\/\/www.mjstgeorges.be\/wp-content\/uploads\/2021\/10\/Affiche-atelier-Pathfinder-1086x1536.png 1086w, https:\/\/www.mjstgeorges.be\/wp-content\/uploads\/2021\/10\/Affiche-atelier-Pathfinder-1448x2048.png 1448w, https:\/\/www.mjstgeorges.be\/wp-content\/uploads\/2021\/10\/Affiche-atelier-Pathfinder.png 1587w\" sizes=\"auto, (max-width: 724px) 100vw, 724px\" \/><\/figure><\/div>\n\n\n<p class=\"has-text-align-center\"><strong>JDR PATHFINDER<\/strong><br>Les mercredis de 19h \u00e0 22h<\/p>\n<\/div>\n\n\n\n<div class=\"wp-block-column is-layout-flow wp-block-column-is-layout-flow\"><div class=\"wp-block-image\">\n<figure class=\"aligncenter size-large is-resized\"><img loading=\"lazy\" decoding=\"async\" width=\"724\" height=\"1024\" src=\"https:\/\/www.mjstgeorges.be\/wp-content\/uploads\/2023\/08\/Donjons-et-dragons-1-724x1024.png\" alt=\"\" class=\"wp-image-3863\" style=\"width:369px;height:521px\" srcset=\"https:\/\/www.mjstgeorges.be\/wp-content\/uploads\/2023\/08\/Donjons-et-dragons-1-724x1024.png 724w, https:\/\/www.mjstgeorges.be\/wp-content\/uploads\/2023\/08\/Donjons-et-dragons-1-212x300.png 212w, https:\/\/www.mjstgeorges.be\/wp-content\/uploads\/2023\/08\/Donjons-et-dragons-1-768x1086.png 768w, https:\/\/www.mjstgeorges.be\/wp-content\/uploads\/2023\/08\/Donjons-et-dragons-1-1086x1536.png 1086w, https:\/\/www.mjstgeorges.be\/wp-content\/uploads\/2023\/08\/Donjons-et-dragons-1.png 1414w\" sizes=\"auto, (max-width: 724px) 100vw, 724px\" \/><\/figure><\/div>\n\n\n<p class=\"has-text-align-center\"><strong>JDR DONJONS &amp; DRAGONS<\/strong><br>Les jeudis de 19h \u00e0 21h30<\/p>\n<\/div>\n<\/div>\n\n\n\n<p><\/p>\n\n\n\n<p style=\"font-style:italic;font-weight:500\"><em>Qu&rsquo;est-ce que le Jeu de r\u00f4le en fait<\/em> ?<\/p>\n\n\n\n<p>\u00a0\u00bb Le jeu de r\u00f4le est un jeu de soci\u00e9t\u00e9 qui prend ses origines dans les contes au coin du feu. Les spectateurs participent au conte en imaginant les actions des personnages. Le conteur m\u00e8ne le jeu en tenant compte de ces actions dans la suite de son r\u00e9cit. Ainsi l&rsquo;histoire se cons<span class=\"text_exposed_show\">truit gr\u00e2ce \u00e0 l&rsquo;imagination de l&rsquo;ensemble des participants, c&rsquo;est donc une sorte de conte interactif, un jeu o\u00f9 tout se passe dans l&rsquo;imagination des participants (l&rsquo;imagination des joueurs).<br>Ces joueurs ne se contentent pas d&rsquo;\u00e9couter une belle histoire, mais ils y prennent une part active en jouant le r\u00f4le d&rsquo;un des personnages de cette histoire.<\/span><\/p>\n\n\n\n<p>Le conteur est appel\u00e9 meneur de jeu. C&rsquo;est lui qui est charg\u00e9 de raconter l&rsquo;histoire que les personnages des joueurs vont vivre. Il est charg\u00e9 d&rsquo;arbitrer et d&rsquo;animer la partie, en d\u00e9crivant des sc\u00e8nes que les joueurs vont devoir se repr\u00e9senter mentalement, tout comme ils le feraient en lisant un livre.\u00a0\u00bb<\/p>\n\n\n\n<hr class=\"wp-block-separator has-text-color has-alpha-channel-opacity has-background is-style-wide\" style=\"background-color:#209fac;color:#209fac\"\/>\n\n\n\n<h3 class=\"wp-block-heading has-text-align-center has-text-color has-large-font-size\" style=\"color:#209fac;font-style:normal;font-weight:600\">&nbsp;Danse<\/h3>\n\n\n\n<p>Les cours de danses Hip-hop se d\u00e9roulent en deux groupes d&rsquo;\u00e2ge :<\/p>\n\n\n\n<div class=\"wp-block-columns is-layout-flex wp-container-core-columns-is-layout-9d6595d7 wp-block-columns-is-layout-flex\">\n<div class=\"wp-block-column is-layout-flow wp-block-column-is-layout-flow\">\n<figure class=\"wp-block-image size-large is-resized\"><img loading=\"lazy\" decoding=\"async\" width=\"1024\" height=\"538\" src=\"https:\/\/www.mjstgeorges.be\/wp-content\/uploads\/2023\/08\/Hip-hop-enfant-1024x538.jpg\" alt=\"\" class=\"wp-image-3864\" style=\"width:411px;height:216px\" srcset=\"https:\/\/www.mjstgeorges.be\/wp-content\/uploads\/2023\/08\/Hip-hop-enfant-1024x538.jpg 1024w, https:\/\/www.mjstgeorges.be\/wp-content\/uploads\/2023\/08\/Hip-hop-enfant-300x158.jpg 300w, https:\/\/www.mjstgeorges.be\/wp-content\/uploads\/2023\/08\/Hip-hop-enfant-768x403.jpg 768w, https:\/\/www.mjstgeorges.be\/wp-content\/uploads\/2023\/08\/Hip-hop-enfant.jpg 1200w\" sizes=\"auto, (max-width: 1024px) 100vw, 1024px\" \/><\/figure>\n\n\n\n<p class=\"has-text-align-center\"><strong>LITTLE HIP-HOP<\/strong><br>Les mardis de 18h45 \u00e0 20hpour les enfants de 6 \u00e0 11 ans.<\/p>\n<\/div>\n\n\n\n<div class=\"wp-block-column is-layout-flow wp-block-column-is-layout-flow\">\n<p><strong>Tu as moins de 12 ans mais tu veux toi aussi danser le Hip-Hop? <\/strong><\/p>\n\n\n\n<p class=\"has-text-align-left\">Cet atelier&nbsp;permet aux 6-11 ans d\u2019apprendre&nbsp;la danse et de prendre part \u00e0 des cr\u00e9ations de chor\u00e9graphies,&nbsp;parce qu\u2019il n\u2019y a pas d\u2019\u00e2ge pour danser !<\/p>\n\n\n\n<p><\/p>\n<\/div>\n<\/div>\n\n\n\n<hr class=\"wp-block-separator has-text-color has-alpha-channel-opacity has-background is-style-dots\" style=\"background-color:#209fac;color:#209fac\"\/>\n\n\n\n<div class=\"wp-block-group is-vertical is-layout-flex wp-container-core-group-is-layout-8cf370e7 wp-block-group-is-layout-flex\">\n<div class=\"wp-block-columns is-layout-flex wp-container-core-columns-is-layout-9d6595d7 wp-block-columns-is-layout-flex\">\n<div class=\"wp-block-column is-layout-flow wp-block-column-is-layout-flow\">\n<div style=\"height:73px\" aria-hidden=\"true\" class=\"wp-block-spacer\"><\/div>\n\n\n\n<p class=\"has-text-align-right\"><strong>HIP-HOP ADVANCE<br><\/strong>Les jeudis de&nbsp;18h30 \u00e0 20h, d\u00e8s 12 ans<\/p>\n<\/div>\n\n\n\n<div class=\"wp-block-column is-layout-flow wp-block-column-is-layout-flow\">\n<figure class=\"wp-block-image size-large\"><img loading=\"lazy\" decoding=\"async\" width=\"1024\" height=\"683\" src=\"https:\/\/www.mjstgeorges.be\/wp-content\/uploads\/2023\/08\/Hip-Hop-Ado-1024x683.jpg\" alt=\"\" class=\"wp-image-3865\" srcset=\"https:\/\/www.mjstgeorges.be\/wp-content\/uploads\/2023\/08\/Hip-Hop-Ado-1024x683.jpg 1024w, https:\/\/www.mjstgeorges.be\/wp-content\/uploads\/2023\/08\/Hip-Hop-Ado-300x200.jpg 300w, https:\/\/www.mjstgeorges.be\/wp-content\/uploads\/2023\/08\/Hip-Hop-Ado-768x512.jpg 768w, https:\/\/www.mjstgeorges.be\/wp-content\/uploads\/2023\/08\/Hip-Hop-Ado.jpg 1254w\" sizes=\"auto, (max-width: 1024px) 100vw, 1024px\" \/><\/figure>\n<\/div>\n<\/div>\n<\/div>\n\n\n\n<hr class=\"wp-block-separator has-text-color has-alpha-channel-opacity has-background is-style-wide\" style=\"background-color:#209fac;color:#209fac\"\/>\n\n\n\n<h3 class=\"wp-block-heading has-text-align-center has-text-color has-large-font-size\" style=\"color:#209fac;font-style:normal;font-weight:600\">ATELIER RAP<\/h3>\n\n\n\n<div class=\"wp-block-columns is-layout-flex wp-container-core-columns-is-layout-9d6595d7 wp-block-columns-is-layout-flex\">\n<div class=\"wp-block-column is-layout-flow wp-block-column-is-layout-flow\" style=\"flex-basis:50%\">\n<figure class=\"wp-block-gallery has-nested-images columns-default is-cropped wp-block-gallery-1 is-layout-flex wp-block-gallery-is-layout-flex\">\n<figure class=\"wp-block-image size-large\"><img loading=\"lazy\" decoding=\"async\" width=\"1024\" height=\"595\" data-id=\"4124\" src=\"https:\/\/www.mjstgeorges.be\/wp-content\/uploads\/2025\/09\/SLAM-RAP-03-1024x595.jpg\" alt=\"\" class=\"wp-image-4124\" srcset=\"https:\/\/www.mjstgeorges.be\/wp-content\/uploads\/2025\/09\/SLAM-RAP-03-1024x595.jpg 1024w, https:\/\/www.mjstgeorges.be\/wp-content\/uploads\/2025\/09\/SLAM-RAP-03-300x174.jpg 300w, https:\/\/www.mjstgeorges.be\/wp-content\/uploads\/2025\/09\/SLAM-RAP-03-768x446.jpg 768w, https:\/\/www.mjstgeorges.be\/wp-content\/uploads\/2025\/09\/SLAM-RAP-03.jpg 1199w\" sizes=\"auto, (max-width: 1024px) 100vw, 1024px\" \/><\/figure>\n<\/figure>\n<\/div>\n\n\n\n<div class=\"wp-block-column is-layout-flow wp-block-column-is-layout-flow\" style=\"flex-basis:50%\">\n<p>Tu as entre 12 et 26 ans ? Tu as toujours eu envie d&rsquo;essayer le rap ou tu te demande si cela pourrait te plaire ?<\/p>\n\n\n\n<p>Rejoins nous au \u00e0 l&rsquo;atelier \u00e9criture et beatmaking rap \u00e0  la MJ.<\/p>\n\n\n\n<p>Anim\u00e9 par des rappeurs d&rsquo;exp\u00e9riences. <\/p>\n<\/div>\n<\/div>\n\n\n\n<p><strong><span style=\"text-decoration: underline;\">Gratuit au d\u00e9part de l&rsquo;accueil et sans inscription<\/span><\/strong><\/p>\n\n\n\n<figure class=\"wp-block-image size-large\"><img loading=\"lazy\" decoding=\"async\" width=\"724\" height=\"1024\" src=\"https:\/\/www.mjstgeorges.be\/wp-content\/uploads\/2025\/09\/Yellow-Maroon-Illustrative-Modern-Cooking-Class-Poster-724x1024.jpg\" alt=\"\" class=\"wp-image-4125\" srcset=\"https:\/\/www.mjstgeorges.be\/wp-content\/uploads\/2025\/09\/Yellow-Maroon-Illustrative-Modern-Cooking-Class-Poster-724x1024.jpg 724w, https:\/\/www.mjstgeorges.be\/wp-content\/uploads\/2025\/09\/Yellow-Maroon-Illustrative-Modern-Cooking-Class-Poster-212x300.jpg 212w, https:\/\/www.mjstgeorges.be\/wp-content\/uploads\/2025\/09\/Yellow-Maroon-Illustrative-Modern-Cooking-Class-Poster-768x1086.jpg 768w, https:\/\/www.mjstgeorges.be\/wp-content\/uploads\/2025\/09\/Yellow-Maroon-Illustrative-Modern-Cooking-Class-Poster-1086x1536.jpg 1086w, https:\/\/www.mjstgeorges.be\/wp-content\/uploads\/2025\/09\/Yellow-Maroon-Illustrative-Modern-Cooking-Class-Poster-1448x2048.jpg 1448w, https:\/\/www.mjstgeorges.be\/wp-content\/uploads\/2025\/09\/Yellow-Maroon-Illustrative-Modern-Cooking-Class-Poster.jpg 1587w\" sizes=\"auto, (max-width: 724px) 100vw, 724px\" \/><\/figure>\n\n\n\n<figure class=\"wp-block-image size-large\"><img loading=\"lazy\" decoding=\"async\" width=\"724\" height=\"1024\" src=\"https:\/\/www.mjstgeorges.be\/wp-content\/uploads\/2025\/09\/Atelier-Fitness-724x1024.jpg\" alt=\"\" class=\"wp-image-4126\" srcset=\"https:\/\/www.mjstgeorges.be\/wp-content\/uploads\/2025\/09\/Atelier-Fitness-724x1024.jpg 724w, https:\/\/www.mjstgeorges.be\/wp-content\/uploads\/2025\/09\/Atelier-Fitness-212x300.jpg 212w, https:\/\/www.mjstgeorges.be\/wp-content\/uploads\/2025\/09\/Atelier-Fitness-768x1086.jpg 768w, https:\/\/www.mjstgeorges.be\/wp-content\/uploads\/2025\/09\/Atelier-Fitness-1086x1536.jpg 1086w, https:\/\/www.mjstgeorges.be\/wp-content\/uploads\/2025\/09\/Atelier-Fitness.jpg 1414w\" sizes=\"auto, (max-width: 724px) 100vw, 724px\" \/><\/figure>\n","protected":false},"excerpt":{"rendered":"<p>Payants et sur inscription Les ateliers reprennent en septembre, n&rsquo;h\u00e9sitez pas contacter votre animateur pour prendre connaissance de la date exacte. Pour toute nouvelle inscription (peu importe l&rsquo;atelier), merci de contacter C\u00e9lia Olivieri au 0493\/18.83.42, ou Simon Charlier au 0493\/18.83.38. En cas d&rsquo;indisponibilit\u00e9, n&rsquo;h\u00e9sitez pas \u00e0 nous laisser un petit message, nous vous rappellerons dans [&hellip;]<\/p>\n","protected":false},"author":2,"featured_media":272,"parent":0,"menu_order":1,"comment_status":"closed","ping_status":"open","template":"","meta":{"footnotes":""},"class_list":["post-59","page","type-page","status-publish","has-post-thumbnail","hentry"],"_links":{"self":[{"href":"http:\/\/www.mjstgeorges.be\/index.php?rest_route=\/wp\/v2\/pages\/59","targetHints":{"allow":["GET"]}}],"collection":[{"href":"http:\/\/www.mjstgeorges.be\/index.php?rest_route=\/wp\/v2\/pages"}],"about":[{"href":"http:\/\/www.mjstgeorges.be\/index.php?rest_route=\/wp\/v2\/types\/page"}],"author":[{"embeddable":true,"href":"http:\/\/www.mjstgeorges.be\/index.php?rest_route=\/wp\/v2\/users\/2"}],"replies":[{"embeddable":true,"href":"http:\/\/www.mjstgeorges.be\/index.php?rest_route=%2Fwp%2Fv2%2Fcomments&post=59"}],"version-history":[{"count":151,"href":"http:\/\/www.mjstgeorges.be\/index.php?rest_route=\/wp\/v2\/pages\/59\/revisions"}],"predecessor-version":[{"id":4137,"href":"http:\/\/www.mjstgeorges.be\/index.php?rest_route=\/wp\/v2\/pages\/59\/revisions\/4137"}],"wp:featuredmedia":[{"embeddable":true,"href":"http:\/\/www.mjstgeorges.be\/index.php?rest_route=\/wp\/v2\/media\/272"}],"wp:attachment":[{"href":"http:\/\/www.mjstgeorges.be\/index.php?rest_route=%2Fwp%2Fv2%2Fmedia&parent=59"}],"curies":[{"name":"wp","href":"https:\/\/api.w.org\/{rel}","templated":true}]}}