{"id":646,"date":"2014-10-28T14:31:58","date_gmt":"2014-10-28T12:31:58","guid":{"rendered":"http:\/\/www.mjstgeorges.be\/?page_id=646"},"modified":"2024-06-11T08:24:07","modified_gmt":"2024-06-11T07:24:07","slug":"projets","status":"publish","type":"page","link":"http:\/\/www.mjstgeorges.be\/?page_id=646","title":{"rendered":"PROJETS"},"content":{"rendered":"\n<figure class=\"wp-block-gallery has-nested-images columns-default is-cropped wp-block-gallery-1 is-layout-flex wp-block-gallery-is-layout-flex\">\n<figure class=\"wp-block-image size-large\"><img loading=\"lazy\" decoding=\"async\" width=\"1024\" height=\"819\" data-id=\"3968\" src=\"https:\/\/www.mjstgeorges.be\/wp-content\/uploads\/2024\/06\/seance-dinfo-Lyon-1024x819.jpg\" alt=\"\" class=\"wp-image-3968\" srcset=\"https:\/\/www.mjstgeorges.be\/wp-content\/uploads\/2024\/06\/seance-dinfo-Lyon-1024x819.jpg 1024w, https:\/\/www.mjstgeorges.be\/wp-content\/uploads\/2024\/06\/seance-dinfo-Lyon-300x240.jpg 300w, https:\/\/www.mjstgeorges.be\/wp-content\/uploads\/2024\/06\/seance-dinfo-Lyon-768x614.jpg 768w, https:\/\/www.mjstgeorges.be\/wp-content\/uploads\/2024\/06\/seance-dinfo-Lyon-1536x1229.jpg 1536w, https:\/\/www.mjstgeorges.be\/wp-content\/uploads\/2024\/06\/seance-dinfo-Lyon.jpg 2000w\" sizes=\"auto, (max-width: 1024px) 100vw, 1024px\" \/><\/figure>\n<\/figure>\n\n\n\n<figure class=\"wp-block-gallery has-nested-images columns-default is-cropped wp-block-gallery-2 is-layout-flex wp-block-gallery-is-layout-flex\">\n<figure class=\"wp-block-image size-large\"><img loading=\"lazy\" decoding=\"async\" width=\"724\" height=\"1024\" data-id=\"3925\" src=\"https:\/\/www.mjstgeorges.be\/wp-content\/uploads\/2024\/03\/echange-de-jeunes-2-724x1024.jpg\" alt=\"\" class=\"wp-image-3925\" srcset=\"https:\/\/www.mjstgeorges.be\/wp-content\/uploads\/2024\/03\/echange-de-jeunes-2-724x1024.jpg 724w, https:\/\/www.mjstgeorges.be\/wp-content\/uploads\/2024\/03\/echange-de-jeunes-2-212x300.jpg 212w, https:\/\/www.mjstgeorges.be\/wp-content\/uploads\/2024\/03\/echange-de-jeunes-2-768x1086.jpg 768w, https:\/\/www.mjstgeorges.be\/wp-content\/uploads\/2024\/03\/echange-de-jeunes-2-1086x1536.jpg 1086w, https:\/\/www.mjstgeorges.be\/wp-content\/uploads\/2024\/03\/echange-de-jeunes-2.jpg 1414w\" sizes=\"auto, (max-width: 724px) 100vw, 724px\" \/><\/figure>\n<\/figure>\n\n\n\n<p><\/p>\n\n\n\n<figure class=\"wp-block-gallery has-nested-images columns-default is-cropped wp-block-gallery-3 is-layout-flex wp-block-gallery-is-layout-flex\">\n<figure class=\"wp-block-image size-large\"><img loading=\"lazy\" decoding=\"async\" width=\"724\" height=\"1024\" data-id=\"3927\" src=\"https:\/\/www.mjstgeorges.be\/wp-content\/uploads\/2024\/03\/lasemo-mj-verte-724x1024.jpg\" alt=\"\" class=\"wp-image-3927\" srcset=\"https:\/\/www.mjstgeorges.be\/wp-content\/uploads\/2024\/03\/lasemo-mj-verte-724x1024.jpg 724w, https:\/\/www.mjstgeorges.be\/wp-content\/uploads\/2024\/03\/lasemo-mj-verte-212x300.jpg 212w, https:\/\/www.mjstgeorges.be\/wp-content\/uploads\/2024\/03\/lasemo-mj-verte-768x1086.jpg 768w, https:\/\/www.mjstgeorges.be\/wp-content\/uploads\/2024\/03\/lasemo-mj-verte-1086x1536.jpg 1086w, https:\/\/www.mjstgeorges.be\/wp-content\/uploads\/2024\/03\/lasemo-mj-verte.jpg 1414w\" sizes=\"auto, (max-width: 724px) 100vw, 724px\" \/><\/figure>\n<\/figure>\n\n\n\n<p>La Maison des Jeunes de Saint-Georges mets en place deux types de projets : <\/p>\n\n\n\n<p><strong>Internes :&nbsp;<\/strong>ils \u00e9manent directement des envies et\/ou besoins des jeunes (ex. : conseil des jeunes, graff, s\u00e9jour&#8230; ) <\/p>\n\n\n\n<p><strong>En partenariat :<\/strong> nous participons activement aux projets propos\u00e9s par diff\u00e9rentes institutions (ex. : <br>         projet Crush) <\/p>\n\n\n\n<p>Nos projets internes et en partenariats sont d\u00e9taill\u00e9s dans le sous-menu.<\/p>\n\n\n\n<hr class=\"wp-block-separator has-text-color has-alpha-channel-opacity has-background is-style-wide\" style=\"background-color:#fe7a80;color:#fe7a80\"\/>\n\n\n\n<p class=\"has-text-color\" style=\"color:#fe7a80\"><strong>Envie de&nbsp;proposer ton projet&nbsp;?<\/strong> <\/p>\n\n\n\n<p>Envoie-nous un petit message ou passe \u00e0 la MJ pour nous en faire part ! Nous sommes ouverts \u00e0 tous types de projets (culture, voyages, musique,&#8230;) m\u00eame les plus fous. On sera ravi de t&rsquo;\u00e9couter et de permettre \u00e0 ton projet de prendre vie.<\/p>\n\n\n\n<p><\/p>\n","protected":false},"excerpt":{"rendered":"<p>La Maison des Jeunes de Saint-Georges mets en place deux types de projets : Internes :&nbsp;ils \u00e9manent directement des envies et\/ou besoins des jeunes (ex. : conseil des jeunes, graff, s\u00e9jour&#8230; ) En partenariat : nous participons activement aux projets propos\u00e9s par diff\u00e9rentes institutions (ex. : projet Crush) Nos projets internes et en partenariats sont [&hellip;]<\/p>\n","protected":false},"author":2,"featured_media":1255,"parent":0,"menu_order":1,"comment_status":"closed","ping_status":"open","template":"showcase.php","meta":{"footnotes":""},"class_list":["post-646","page","type-page","status-publish","has-post-thumbnail","hentry"],"_links":{"self":[{"href":"http:\/\/www.mjstgeorges.be\/index.php?rest_route=\/wp\/v2\/pages\/646","targetHints":{"allow":["GET"]}}],"collection":[{"href":"http:\/\/www.mjstgeorges.be\/index.php?rest_route=\/wp\/v2\/pages"}],"about":[{"href":"http:\/\/www.mjstgeorges.be\/index.php?rest_route=\/wp\/v2\/types\/page"}],"author":[{"embeddable":true,"href":"http:\/\/www.mjstgeorges.be\/index.php?rest_route=\/wp\/v2\/users\/2"}],"replies":[{"embeddable":true,"href":"http:\/\/www.mjstgeorges.be\/index.php?rest_route=%2Fwp%2Fv2%2Fcomments&post=646"}],"version-history":[{"count":64,"href":"http:\/\/www.mjstgeorges.be\/index.php?rest_route=\/wp\/v2\/pages\/646\/revisions"}],"predecessor-version":[{"id":3969,"href":"http:\/\/www.mjstgeorges.be\/index.php?rest_route=\/wp\/v2\/pages\/646\/revisions\/3969"}],"wp:featuredmedia":[{"embeddable":true,"href":"http:\/\/www.mjstgeorges.be\/index.php?rest_route=\/wp\/v2\/media\/1255"}],"wp:attachment":[{"href":"http:\/\/www.mjstgeorges.be\/index.php?rest_route=%2Fwp%2Fv2%2Fmedia&parent=646"}],"curies":[{"name":"wp","href":"https:\/\/api.w.org\/{rel}","templated":true}]}}