{"id":11,"date":"2013-09-04T20:38:32","date_gmt":"2013-09-04T19:38:32","guid":{"rendered":"http:\/\/www.mjstgeorges.be\/?page_id=11"},"modified":"2025-01-29T10:18:42","modified_gmt":"2025-01-29T09:18:42","slug":"horaires","status":"publish","type":"page","link":"https:\/\/www.mjstgeorges.be\/?page_id=11","title":{"rendered":"STAGES"},"content":{"rendered":"\n<h3 class=\"wp-block-heading has-text-color has-large-font-size\" style=\"color:#fe7a80;font-style:normal;font-weight:700;text-transform:uppercase\"><\/h3>\n\n\n\n<p>N&rsquo;h\u00e9sitez pas \u00e0 contacter un de nos animateurs pour plus d&rsquo;info ou pour une inscription :<\/p>\n\n\n\n<div class=\"wp-block-columns is-layout-flex wp-container-core-columns-is-layout-9d6595d7 wp-block-columns-is-layout-flex\">\n<div class=\"wp-block-column is-layout-flow wp-block-column-is-layout-flow\">\n<p>T\u00e9l\u00e9phone : <br>0493\/18.83.38 (Simon),<br>0493\/18.83.42 (C\u00e9lia),<br>0493\/18.83.33 (Rapha\u00ebl),<br><\/p>\n<\/div>\n\n\n\n<div class=\"wp-block-column is-layout-flow wp-block-column-is-layout-flow\">\n<p>Messenger : <br>Simon Charlier Mj Saint-Georges, <br>C\u00e9lia Olivieri Mj Saint-Georges, <br>Rapha\u00ebl Livet Mj Saint-Georges, <br><\/p>\n<\/div>\n<\/div>\n\n\n\n<hr class=\"wp-block-separator has-text-color has-alpha-channel-opacity has-background is-style-wide\" style=\"background-color:#fe7a80;color:#fe7a80\"\/>\n\n\n\n<h3 class=\"wp-block-heading has-text-color has-large-font-size\" style=\"color:#fe7a80;font-style:normal;font-weight:700\">PLANNING GENERAL (ACCUEIL + SORTIES)<\/h3>\n\n\n\n<figure class=\"wp-block-gallery has-nested-images columns-default is-cropped wp-block-gallery-1 is-layout-flex wp-block-gallery-is-layout-flex\">\n<figure class=\"wp-block-image size-large\"><img loading=\"lazy\" decoding=\"async\" width=\"804\" height=\"1024\" data-id=\"4028\" src=\"https:\/\/www.mjstgeorges.be\/wp-content\/uploads\/2025\/01\/Affiche-stage-ton-bodysemeurt-1-804x1024.png\" alt=\"\" class=\"wp-image-4028\" srcset=\"https:\/\/www.mjstgeorges.be\/wp-content\/uploads\/2025\/01\/Affiche-stage-ton-bodysemeurt-1-804x1024.png 804w, https:\/\/www.mjstgeorges.be\/wp-content\/uploads\/2025\/01\/Affiche-stage-ton-bodysemeurt-1-236x300.png 236w, https:\/\/www.mjstgeorges.be\/wp-content\/uploads\/2025\/01\/Affiche-stage-ton-bodysemeurt-1-768x978.png 768w, https:\/\/www.mjstgeorges.be\/wp-content\/uploads\/2025\/01\/Affiche-stage-ton-bodysemeurt-1-1207x1536.png 1207w, https:\/\/www.mjstgeorges.be\/wp-content\/uploads\/2025\/01\/Affiche-stage-ton-bodysemeurt-1.png 1571w\" sizes=\"auto, (max-width: 804px) 100vw, 804px\" \/><\/figure>\n<\/figure>\n\n\n\n<div style=\"height:18px\" aria-hidden=\"true\" class=\"wp-block-spacer\"><\/div>\n\n\n\n<div class=\"wp-block-columns is-layout-flex wp-container-core-columns-is-layout-9d6595d7 wp-block-columns-is-layout-flex\">\n<div class=\"wp-block-column is-layout-flow wp-block-column-is-layout-flow\">\n<figure class=\"wp-block-image size-large\"><img loading=\"lazy\" decoding=\"async\" width=\"724\" height=\"1024\" src=\"https:\/\/www.mjstgeorges.be\/wp-content\/uploads\/2023\/07\/Planning-vacances-1-1-724x1024.png\" alt=\"\" class=\"wp-image-3752\" srcset=\"https:\/\/www.mjstgeorges.be\/wp-content\/uploads\/2023\/07\/Planning-vacances-1-1-724x1024.png 724w, https:\/\/www.mjstgeorges.be\/wp-content\/uploads\/2023\/07\/Planning-vacances-1-1-212x300.png 212w, https:\/\/www.mjstgeorges.be\/wp-content\/uploads\/2023\/07\/Planning-vacances-1-1-768x1086.png 768w, https:\/\/www.mjstgeorges.be\/wp-content\/uploads\/2023\/07\/Planning-vacances-1-1-1086x1536.png 1086w, https:\/\/www.mjstgeorges.be\/wp-content\/uploads\/2023\/07\/Planning-vacances-1-1-1448x2048.png 1448w\" sizes=\"auto, (max-width: 724px) 100vw, 724px\" \/><\/figure>\n<\/div>\n\n\n\n<div class=\"wp-block-column is-layout-flow wp-block-column-is-layout-flow\">\n<figure class=\"wp-block-image size-large\"><img loading=\"lazy\" decoding=\"async\" width=\"724\" height=\"1024\" src=\"https:\/\/www.mjstgeorges.be\/wp-content\/uploads\/2023\/07\/Planning-vacances-2-1-724x1024.png\" alt=\"\" class=\"wp-image-3753\" srcset=\"https:\/\/www.mjstgeorges.be\/wp-content\/uploads\/2023\/07\/Planning-vacances-2-1-724x1024.png 724w, https:\/\/www.mjstgeorges.be\/wp-content\/uploads\/2023\/07\/Planning-vacances-2-1-212x300.png 212w, https:\/\/www.mjstgeorges.be\/wp-content\/uploads\/2023\/07\/Planning-vacances-2-1-768x1086.png 768w, https:\/\/www.mjstgeorges.be\/wp-content\/uploads\/2023\/07\/Planning-vacances-2-1-1086x1536.png 1086w, https:\/\/www.mjstgeorges.be\/wp-content\/uploads\/2023\/07\/Planning-vacances-2-1-1448x2048.png 1448w\" sizes=\"auto, (max-width: 724px) 100vw, 724px\" \/><\/figure>\n<\/div>\n<\/div>\n\n\n\n<p>Retrouves toutes les infos sur les sorties en bas de page !<\/p>\n\n\n\n<hr class=\"wp-block-separator has-text-color has-alpha-channel-opacity has-background is-style-wide\" style=\"background-color:#fe7a80;color:#fe7a80\"\/>\n\n\n\n<h2 class=\"wp-block-heading has-text-color has-large-font-size\" style=\"color:#fe7a80;font-style:normal;font-weight:700\">STAGES ET SEJOURS<\/h2>\n\n\n<div class=\"wp-block-image\">\n<figure class=\"alignright size-full is-resized\"><img loading=\"lazy\" decoding=\"async\" width=\"940\" height=\"788\" src=\"https:\/\/www.mjstgeorges.be\/wp-content\/uploads\/2023\/05\/Ete-solidaire.png\" alt=\"\" class=\"wp-image-3703\" style=\"width:390px;height:327px\" srcset=\"https:\/\/www.mjstgeorges.be\/wp-content\/uploads\/2023\/05\/Ete-solidaire.png 940w, https:\/\/www.mjstgeorges.be\/wp-content\/uploads\/2023\/05\/Ete-solidaire-300x251.png 300w, https:\/\/www.mjstgeorges.be\/wp-content\/uploads\/2023\/05\/Ete-solidaire-768x644.png 768w\" sizes=\"auto, (max-width: 940px) 100vw, 940px\" \/><\/figure><\/div>\n\n\n<h2 class=\"wp-block-heading has-text-color has-large-font-size\" style=\"color:#209fac;font-style:normal;font-weight:600\">Et\u00e9 solidaire <\/h2>\n\n\n\n<div class=\"wp-block-columns is-layout-flex wp-container-core-columns-is-layout-9d6595d7 wp-block-columns-is-layout-flex\">\n<div class=\"wp-block-column is-layout-flow wp-block-column-is-layout-flow\" style=\"flex-basis:100%\">\n<div style=\"height:34px\" aria-hidden=\"true\" class=\"wp-block-spacer\"><\/div>\n<\/div>\n<\/div>\n\n\n\n<p>La MJ participe au projet \u00e9t\u00e9 solidaire de la commune de Saint-Georges du 14 au 18 ao\u00fbt. <\/p>\n\n\n\n<p>Les infos arrivent bient\u00f4t.<\/p>\n\n\n\n<div style=\"height:27px\" aria-hidden=\"true\" class=\"wp-block-spacer\"><\/div>\n\n\n\n<hr class=\"wp-block-separator has-text-color has-alpha-channel-opacity has-background is-style-wide\" style=\"background-color:#209fac;color:#209fac\"\/>\n\n\n\n<h2 class=\"wp-block-heading has-text-color has-large-font-size\" style=\"color:#209fac;font-style:normal;font-weight:600\">S\u00e9jour MJ<\/h2>\n\n\n<div class=\"wp-block-image\">\n<figure class=\"alignleft size-large is-resized\"><img loading=\"lazy\" decoding=\"async\" width=\"724\" height=\"1024\" src=\"https:\/\/www.mjstgeorges.be\/wp-content\/uploads\/2023\/05\/Vacances-1-1-724x1024.jpg\" alt=\"\" class=\"wp-image-3704\" style=\"width:350px;height:500px\" srcset=\"https:\/\/www.mjstgeorges.be\/wp-content\/uploads\/2023\/05\/Vacances-1-1-724x1024.jpg 724w, https:\/\/www.mjstgeorges.be\/wp-content\/uploads\/2023\/05\/Vacances-1-1-212x300.jpg 212w, https:\/\/www.mjstgeorges.be\/wp-content\/uploads\/2023\/05\/Vacances-1-1-768x1086.jpg 768w, https:\/\/www.mjstgeorges.be\/wp-content\/uploads\/2023\/05\/Vacances-1-1-1086x1536.jpg 1086w, https:\/\/www.mjstgeorges.be\/wp-content\/uploads\/2023\/05\/Vacances-1-1-1448x2048.jpg 1448w, https:\/\/www.mjstgeorges.be\/wp-content\/uploads\/2023\/05\/Vacances-1-1-scaled.jpg 1810w\" sizes=\"auto, (max-width: 724px) 100vw, 724px\" \/><\/figure><\/div>\n\n\n<div class=\"wp-block-columns is-layout-flex wp-container-core-columns-is-layout-9d6595d7 wp-block-columns-is-layout-flex\">\n<div class=\"wp-block-column is-layout-flow wp-block-column-is-layout-flow\" style=\"flex-basis:100%\">\n<div style=\"height:154px\" aria-hidden=\"true\" class=\"wp-block-spacer\"><\/div>\n\n\n\n<p>La MJ part \u00e0 Waimes avec avec les jeunes les plus motiv\u00e9s dans une superbe villa du 14 au 18 ao\u00fbt ! <\/p>\n\n\n\n<p>Vous avez peut-\u00eatre vu ou particip\u00e9 \u00e0 l&rsquo;une ou l&rsquo;autre de leurs actions de financement&#8230;<\/p>\n\n\n\n<div style=\"height:229px\" aria-hidden=\"true\" class=\"wp-block-spacer\"><\/div>\n<\/div>\n<\/div>\n\n\n\n<hr class=\"wp-block-separator has-text-color has-alpha-channel-opacity has-background is-style-wide\" style=\"background-color:#209fac;color:#209fac\"\/>\n\n\n\n<h3 class=\"wp-block-heading has-text-color has-large-font-size\" style=\"color:#209fac;font-style:normal;font-weight:600\">MJ en d\u00e9couverte 8 &#8211; 12 ans<\/h3>\n\n\n<div class=\"wp-block-image\">\n<figure class=\"alignright size-large is-resized\"><img loading=\"lazy\" decoding=\"async\" width=\"724\" height=\"1024\" src=\"https:\/\/www.mjstgeorges.be\/wp-content\/uploads\/2023\/07\/MJ-en-decouverte-1-724x1024.jpg\" alt=\"\" class=\"wp-image-3748\" style=\"width:350px;height:500px\" srcset=\"https:\/\/www.mjstgeorges.be\/wp-content\/uploads\/2023\/07\/MJ-en-decouverte-1-724x1024.jpg 724w, https:\/\/www.mjstgeorges.be\/wp-content\/uploads\/2023\/07\/MJ-en-decouverte-1-212x300.jpg 212w, https:\/\/www.mjstgeorges.be\/wp-content\/uploads\/2023\/07\/MJ-en-decouverte-1-768x1086.jpg 768w, https:\/\/www.mjstgeorges.be\/wp-content\/uploads\/2023\/07\/MJ-en-decouverte-1-1086x1536.jpg 1086w, https:\/\/www.mjstgeorges.be\/wp-content\/uploads\/2023\/07\/MJ-en-decouverte-1-1448x2048.jpg 1448w, https:\/\/www.mjstgeorges.be\/wp-content\/uploads\/2023\/07\/MJ-en-decouverte-1-scaled.jpg 1810w\" sizes=\"auto, (max-width: 724px) 100vw, 724px\" \/><\/figure><\/div>\n\n\n<div class=\"wp-block-columns is-layout-flex wp-container-core-columns-is-layout-9d6595d7 wp-block-columns-is-layout-flex\">\n<div class=\"wp-block-column is-layout-flow wp-block-column-is-layout-flow\" style=\"flex-basis:100%\">\n<div style=\"height:72px\" aria-hidden=\"true\" class=\"wp-block-spacer\"><\/div>\n<\/div>\n<\/div>\n\n\n\n<p>Stage du 21 au 25 ao\u00fbt, de 09 \u00e0 14h.<\/p>\n\n\n\n<p>Semaine de d\u00e9couverte de la Maison des Jeunes pour les 8 &#8211; 12 ans. Au programme : un tas d&rsquo;activit\u00e9s vari\u00e9es (sport, bricolage, jeux&#8230;)  <\/p>\n\n\n\n<p>A la Maison des Jeunes de Saint-Georges Rue Joseph Wauters 64, 4470 Saint-Georges<\/p>\n\n\n\n<p>Prix : 10\u20ac + 5\u20ac pour la carte de membre annuelle.<\/p>\n\n\n\n<p>Info au 0493\/18.83.42 ou info@mjstgeorges.be<\/p>\n\n\n\n<div style=\"height:38px\" aria-hidden=\"true\" class=\"wp-block-spacer\"><\/div>\n\n\n\n<hr class=\"wp-block-separator has-text-color has-alpha-channel-opacity has-background is-style-wide\" style=\"background-color:#fe7a80;color:#fe7a80\"\/>\n\n\n\n<h2 class=\"wp-block-heading has-text-color has-large-font-size\" style=\"color:#fe7a80;font-style:normal;font-weight:700\">PROCHAINES SORTIES<\/h2>\n\n\n\n<div style=\"height:28px\" aria-hidden=\"true\" class=\"wp-block-spacer\"><\/div>\n\n\n\n<h2 class=\"wp-block-heading has-text-color has-large-font-size\" style=\"color:#209fac;font-style:normal;font-weight:600\">Journ\u00e9e \u00e0 Walibi &#8211; 02\/08<\/h2>\n\n\n<div class=\"wp-block-image\">\n<figure class=\"alignright size-large is-resized\"><img loading=\"lazy\" decoding=\"async\" width=\"1024\" height=\"1024\" src=\"https:\/\/www.mjstgeorges.be\/wp-content\/uploads\/2023\/07\/Parc-dattraction-1-1024x1024.png\" alt=\"\" class=\"wp-image-3773\" style=\"width:500px\" srcset=\"https:\/\/www.mjstgeorges.be\/wp-content\/uploads\/2023\/07\/Parc-dattraction-1-1024x1024.png 1024w, https:\/\/www.mjstgeorges.be\/wp-content\/uploads\/2023\/07\/Parc-dattraction-1-300x300.png 300w, https:\/\/www.mjstgeorges.be\/wp-content\/uploads\/2023\/07\/Parc-dattraction-1-150x150.png 150w, https:\/\/www.mjstgeorges.be\/wp-content\/uploads\/2023\/07\/Parc-dattraction-1-768x768.png 768w, https:\/\/www.mjstgeorges.be\/wp-content\/uploads\/2023\/07\/Parc-dattraction-1-1536x1536.png 1536w, https:\/\/www.mjstgeorges.be\/wp-content\/uploads\/2023\/07\/Parc-dattraction-1-2048x2048.png 2048w\" sizes=\"auto, (max-width: 1024px) 100vw, 1024px\" \/><\/figure><\/div>\n\n\n<div class=\"wp-block-columns is-layout-flex wp-container-core-columns-is-layout-9d6595d7 wp-block-columns-is-layout-flex\">\n<div class=\"wp-block-column is-layout-flow wp-block-column-is-layout-flow\" style=\"flex-basis:100%\">\n<div style=\"height:205px\" aria-hidden=\"true\" class=\"wp-block-spacer\"><\/div>\n<\/div>\n<\/div>\n\n\n\n<p>Inscris toi vite, les places sont limit\u00e9es !<\/p>\n\n\n\n<div style=\"height:16px\" aria-hidden=\"true\" class=\"wp-block-spacer\"><\/div>\n\n\n\n<hr class=\"wp-block-separator has-text-color has-alpha-channel-opacity has-background is-style-wide\" style=\"background-color:#209fac;color:#209fac\"\/>\n\n\n\n<h2 class=\"wp-block-heading has-text-color has-large-font-size\" style=\"color:#209fac\">Karting &#8211; 09\/08<\/h2>\n\n\n<div class=\"wp-block-image\">\n<figure class=\"alignleft size-large is-resized\"><img loading=\"lazy\" decoding=\"async\" width=\"1024\" height=\"1024\" src=\"https:\/\/www.mjstgeorges.be\/wp-content\/uploads\/2023\/07\/Karting-1-1024x1024.png\" alt=\"\" class=\"wp-image-3774\" style=\"width:500px\" srcset=\"https:\/\/www.mjstgeorges.be\/wp-content\/uploads\/2023\/07\/Karting-1-1024x1024.png 1024w, https:\/\/www.mjstgeorges.be\/wp-content\/uploads\/2023\/07\/Karting-1-300x300.png 300w, https:\/\/www.mjstgeorges.be\/wp-content\/uploads\/2023\/07\/Karting-1-150x150.png 150w, https:\/\/www.mjstgeorges.be\/wp-content\/uploads\/2023\/07\/Karting-1-768x768.png 768w, https:\/\/www.mjstgeorges.be\/wp-content\/uploads\/2023\/07\/Karting-1.png 1080w\" sizes=\"auto, (max-width: 1024px) 100vw, 1024px\" \/><\/figure><\/div>\n\n\n<div class=\"wp-block-columns is-layout-flex wp-container-core-columns-is-layout-9d6595d7 wp-block-columns-is-layout-flex\">\n<div class=\"wp-block-column is-layout-flow wp-block-column-is-layout-flow\" style=\"flex-basis:100%\">\n<div style=\"height:165px\" aria-hidden=\"true\" class=\"wp-block-spacer\"><\/div>\n<\/div>\n<\/div>\n\n\n\n<p>Inscris toi vite, les places sont limit\u00e9es !<\/p>\n\n\n\n<div style=\"height:34px\" aria-hidden=\"true\" class=\"wp-block-spacer\"><\/div>\n\n\n\n<hr class=\"wp-block-separator has-text-color has-alpha-channel-opacity has-background is-style-wide\" style=\"background-color:#209fac;color:#209fac\"\/>\n\n\n\n<h2 class=\"wp-block-heading has-text-color has-large-font-size\" style=\"color:#209fac;font-style:normal;font-weight:600\">Paintball &#8211; 23\/08<\/h2>\n","protected":false},"excerpt":{"rendered":"<p>N&rsquo;h\u00e9sitez pas \u00e0 contacter un de nos animateurs pour plus d&rsquo;info ou pour une inscription : T\u00e9l\u00e9phone : 0493\/18.83.38 (Simon),0493\/18.83.42 (C\u00e9lia),0493\/18.83.33 (Rapha\u00ebl), Messenger : Simon Charlier Mj Saint-Georges, C\u00e9lia Olivieri Mj Saint-Georges, Rapha\u00ebl Livet Mj Saint-Georges, PLANNING GENERAL (ACCUEIL + SORTIES) Retrouves toutes les infos sur les sorties en bas de page ! STAGES ET [&hellip;]<\/p>\n","protected":false},"author":2,"featured_media":784,"parent":0,"menu_order":0,"comment_status":"closed","ping_status":"open","template":"","meta":{"footnotes":""},"class_list":["post-11","page","type-page","status-publish","has-post-thumbnail","hentry"],"_links":{"self":[{"href":"https:\/\/www.mjstgeorges.be\/index.php?rest_route=\/wp\/v2\/pages\/11","targetHints":{"allow":["GET"]}}],"collection":[{"href":"https:\/\/www.mjstgeorges.be\/index.php?rest_route=\/wp\/v2\/pages"}],"about":[{"href":"https:\/\/www.mjstgeorges.be\/index.php?rest_route=\/wp\/v2\/types\/page"}],"author":[{"embeddable":true,"href":"https:\/\/www.mjstgeorges.be\/index.php?rest_route=\/wp\/v2\/users\/2"}],"replies":[{"embeddable":true,"href":"https:\/\/www.mjstgeorges.be\/index.php?rest_route=%2Fwp%2Fv2%2Fcomments&post=11"}],"version-history":[{"count":148,"href":"https:\/\/www.mjstgeorges.be\/index.php?rest_route=\/wp\/v2\/pages\/11\/revisions"}],"predecessor-version":[{"id":4029,"href":"https:\/\/www.mjstgeorges.be\/index.php?rest_route=\/wp\/v2\/pages\/11\/revisions\/4029"}],"wp:featuredmedia":[{"embeddable":true,"href":"https:\/\/www.mjstgeorges.be\/index.php?rest_route=\/wp\/v2\/media\/784"}],"wp:attachment":[{"href":"https:\/\/www.mjstgeorges.be\/index.php?rest_route=%2Fwp%2Fv2%2Fmedia&parent=11"}],"curies":[{"name":"wp","href":"https:\/\/api.w.org\/{rel}","templated":true}]}}