{"id":2584,"date":"2020-09-25T09:56:48","date_gmt":"2020-09-25T08:56:48","guid":{"rendered":"http:\/\/www.mjstgeorges.be\/?page_id=2584"},"modified":"2023-08-01T13:42:10","modified_gmt":"2023-08-01T12:42:10","slug":"documents","status":"publish","type":"page","link":"https:\/\/www.mjstgeorges.be\/?page_id=2584","title":{"rendered":"DOCUMENTS UTILES"},"content":{"rendered":"\n<h3 class=\"has-text-color has-large-font-size wp-block-heading\" style=\"color:#fe7a80;font-style:normal;font-weight:700;text-transform:uppercase\">Documents administratifs<\/h3>\n\n\n\n<p>Pour participer aux sorties organis\u00e9es par la Maison des Jeunes, nous demandons aux jeunes d&rsquo;\u00eatre en ordre d&rsquo;inscription. <\/p>\n\n\n\n<p>Pour ce faire, rien de plus simple, compl\u00e9tez les documents sign\u00e9 et ramenez les \u00e0 l&rsquo;accueil avec 5\u20ac pour la cotisation annuelle (ann\u00e9e civile). <\/p>\n\n\n\n<h2 class=\"has-text-color has-medium-font-size wp-block-heading\" style=\"color:#fe7a80;font-style:normal;font-weight:600\">Contrat Membre : <\/h2>\n\n\n\n<div class=\"wp-block-group has-medium-font-size\"><div class=\"wp-block-group__inner-container is-layout-constrained wp-block-group-is-layout-constrained\">\n<div class=\"wp-block-file\"><a id=\"wp-block-file--media-389e8dce-3a2d-4b6a-bc5e-196d8963c4e3\" href=\"https:\/\/www.mjstgeorges.be\/wp-content\/uploads\/2023\/08\/Contrat-MJ-Jeunes-Parents-2023.doc\"><strong>WORD &#8211; Contrat-MJ-Jeunes-Parents-2023<\/strong><\/a><\/div>\n\n\n\n<div class=\"wp-block-file\"><a id=\"wp-block-file--media-389e8dce-3a2d-4b6a-bc5e-196d8963c4e3\" href=\"https:\/\/www.mjstgeorges.be\/wp-content\/uploads\/2023\/08\/Contrat-MJ-Jeunes-Parents-2023.pdf\" target=\"_blank\" rel=\"noreferrer noopener\"><strong>PDF &#8211; Contrat-MJ-Jeunes-Parents-2023<\/strong><\/a><\/div>\n<\/div><\/div>\n\n\n\n<h2 class=\"has-text-color has-medium-font-size wp-block-heading\" style=\"color:#fe7a80;font-style:normal;font-weight:600\">Fiche m\u00e9dicale :<\/h2>\n\n\n\n<div class=\"wp-block-group has-medium-font-size\"><div class=\"wp-block-group__inner-container is-layout-constrained wp-block-group-is-layout-constrained\">\n<div class=\"wp-block-file\"><a id=\"wp-block-file--media-22bab771-290c-4d15-9c8c-8433f5f2e939\" href=\"https:\/\/www.mjstgeorges.be\/wp-content\/uploads\/2023\/08\/Fiche-Medicale-Individuelle-2023.doc\" target=\"_blank\" rel=\"noreferrer noopener\"><strong>WORD &#8211; Fiche-Medicale-Individuelle-2023<\/strong><\/a><\/div>\n\n\n\n<div class=\"wp-block-file\"><a id=\"wp-block-file--media-22bab771-290c-4d15-9c8c-8433f5f2e939\" href=\"https:\/\/www.mjstgeorges.be\/wp-content\/uploads\/2023\/08\/Fiche-Medicale-Individuelle-2023.pdf\" target=\"_blank\" rel=\"noreferrer noopener\"><strong>PDF &#8211; Fiche-Medicale-Individuelle-2023<\/strong><\/a><\/div>\n\n\n\n<hr class=\"wp-block-separator has-css-opacity\"\/>\n<\/div><\/div>\n","protected":false},"excerpt":{"rendered":"<p>Documents administratifs Pour participer aux sorties organis\u00e9es par la Maison des Jeunes, nous demandons aux jeunes d&rsquo;\u00eatre en ordre d&rsquo;inscription. Pour ce faire, rien de plus simple, compl\u00e9tez les documents sign\u00e9 et ramenez les \u00e0 l&rsquo;accueil avec 5\u20ac pour la cotisation annuelle (ann\u00e9e civile). Contrat Membre : Fiche m\u00e9dicale :<\/p>\n","protected":false},"author":2,"featured_media":0,"parent":0,"menu_order":0,"comment_status":"closed","ping_status":"closed","template":"","meta":{"footnotes":""},"class_list":["post-2584","page","type-page","status-publish","hentry"],"_links":{"self":[{"href":"https:\/\/www.mjstgeorges.be\/index.php?rest_route=\/wp\/v2\/pages\/2584","targetHints":{"allow":["GET"]}}],"collection":[{"href":"https:\/\/www.mjstgeorges.be\/index.php?rest_route=\/wp\/v2\/pages"}],"about":[{"href":"https:\/\/www.mjstgeorges.be\/index.php?rest_route=\/wp\/v2\/types\/page"}],"author":[{"embeddable":true,"href":"https:\/\/www.mjstgeorges.be\/index.php?rest_route=\/wp\/v2\/users\/2"}],"replies":[{"embeddable":true,"href":"https:\/\/www.mjstgeorges.be\/index.php?rest_route=%2Fwp%2Fv2%2Fcomments&post=2584"}],"version-history":[{"count":16,"href":"https:\/\/www.mjstgeorges.be\/index.php?rest_route=\/wp\/v2\/pages\/2584\/revisions"}],"predecessor-version":[{"id":3800,"href":"https:\/\/www.mjstgeorges.be\/index.php?rest_route=\/wp\/v2\/pages\/2584\/revisions\/3800"}],"wp:attachment":[{"href":"https:\/\/www.mjstgeorges.be\/index.php?rest_route=%2Fwp%2Fv2%2Fmedia&parent=2584"}],"curies":[{"name":"wp","href":"https:\/\/api.w.org\/{rel}","templated":true}]}}